{"id":10115,"date":"2011-03-17T11:06:18","date_gmt":"2011-03-17T09:06:18","guid":{"rendered":"https:\/\/shoptest.ocshop.ch\/produkt\/cloche-decoute-pour-stethoclip\/"},"modified":"2011-03-17T11:06:18","modified_gmt":"2011-03-17T09:06:18","slug":"cloche-decoute-pour-stethoclip","status":"publish","type":"product","link":"https:\/\/www.ocshop.ch\/fr\/produkt\/cloche-decoute-pour-stethoclip\/","title":{"rendered":"Cloche d&rsquo;\u00e9coute pour st\u00e9thoclip"},"content":{"rendered":"<p>Pour tube d&rsquo;\u00e9coute &#8211; convient aussi pour la r\u00e9f. 881341.<br \/>\nVendue \u00e0 l&rsquo;unit\u00e9.<\/p>\n","protected":false},"excerpt":{"rendered":"<p>Pour tube d&rsquo;\u00e9coute &#8211; convient aussi pour la r\u00e9f. 881341. Vendue \u00e0 l&rsquo;unit\u00e9.<\/p>\n","protected":false},"featured_media":6858,"template":"","meta":[],"product_brand":[],"product_cat":[467],"product_tag":[],"class_list":{"0":"post-10115","1":"product","2":"type-product","3":"status-publish","4":"has-post-thumbnail","6":"product_cat-atelier-empreintes","7":"tm-no-options","9":"first","10":"instock","11":"taxable","12":"shipping-taxable","13":"product-type-simple"},"_links":{"self":[{"href":"https:\/\/www.ocshop.ch\/fr\/wp-json\/wp\/v2\/product\/10115","targetHints":{"allow":["GET"]}}],"collection":[{"href":"https:\/\/www.ocshop.ch\/fr\/wp-json\/wp\/v2\/product"}],"about":[{"href":"https:\/\/www.ocshop.ch\/fr\/wp-json\/wp\/v2\/types\/product"}],"wp:featuredmedia":[{"embeddable":true,"href":"https:\/\/www.ocshop.ch\/fr\/wp-json\/wp\/v2\/media\/6858"}],"wp:attachment":[{"href":"https:\/\/www.ocshop.ch\/fr\/wp-json\/wp\/v2\/media?parent=10115"}],"wp:term":[{"taxonomy":"product_brand","embeddable":true,"href":"https:\/\/www.ocshop.ch\/fr\/wp-json\/wp\/v2\/product_brand?post=10115"},{"taxonomy":"product_cat","embeddable":true,"href":"https:\/\/www.ocshop.ch\/fr\/wp-json\/wp\/v2\/product_cat?post=10115"},{"taxonomy":"product_tag","embeddable":true,"href":"https:\/\/www.ocshop.ch\/fr\/wp-json\/wp\/v2\/product_tag?post=10115"}],"curies":[{"name":"wp","href":"https:\/\/api.w.org\/{rel}","templated":true}]}}