{"id":10113,"date":"2011-03-17T11:06:14","date_gmt":"2011-03-17T09:06:14","guid":{"rendered":"https:\/\/shoptest.ocshop.ch\/produkt\/pate-a-polir-p3-polissage-a-sec-60-g\/"},"modified":"2011-03-17T11:06:14","modified_gmt":"2011-03-17T09:06:14","slug":"pate-a-polir-p3-polissage-a-sec-60-g","status":"publish","type":"product","link":"https:\/\/www.ocshop.ch\/fr\/produkt\/pate-a-polir-p3-polissage-a-sec-60-g\/","title":{"rendered":"P\u00e2te \u00e0 polir P3, polissage \u00e0 sec, 60 g"},"content":{"rendered":"<div class=\"overview\">\n<div class=\"overview-inner\">\n<div class=\"short-description\">Produit de polissage \u00e0 sec pour un lustrage sp\u00e9culaire des embouts durs en acryliques. \u00c0 utiliser avec un disque \u00e0 polir.<\/div>\n<\/div>\n<\/div>\n","protected":false},"excerpt":{"rendered":"<p>Produit de polissage \u00e0 sec pour un lustrage sp\u00e9culaire des embouts durs en acryliques. \u00c0 utiliser avec un disque \u00e0 polir.<\/p>\n","protected":false},"featured_media":9610,"template":"","meta":[],"product_brand":[],"product_cat":[467],"product_tag":[],"class_list":{"0":"post-10113","1":"product","2":"type-product","3":"status-publish","4":"has-post-thumbnail","6":"product_cat-atelier-empreintes","7":"tm-no-options","9":"first","10":"instock","11":"taxable","12":"shipping-taxable","13":"product-type-simple"},"_links":{"self":[{"href":"https:\/\/www.ocshop.ch\/fr\/wp-json\/wp\/v2\/product\/10113","targetHints":{"allow":["GET"]}}],"collection":[{"href":"https:\/\/www.ocshop.ch\/fr\/wp-json\/wp\/v2\/product"}],"about":[{"href":"https:\/\/www.ocshop.ch\/fr\/wp-json\/wp\/v2\/types\/product"}],"wp:featuredmedia":[{"embeddable":true,"href":"https:\/\/www.ocshop.ch\/fr\/wp-json\/wp\/v2\/media\/9610"}],"wp:attachment":[{"href":"https:\/\/www.ocshop.ch\/fr\/wp-json\/wp\/v2\/media?parent=10113"}],"wp:term":[{"taxonomy":"product_brand","embeddable":true,"href":"https:\/\/www.ocshop.ch\/fr\/wp-json\/wp\/v2\/product_brand?post=10113"},{"taxonomy":"product_cat","embeddable":true,"href":"https:\/\/www.ocshop.ch\/fr\/wp-json\/wp\/v2\/product_cat?post=10113"},{"taxonomy":"product_tag","embeddable":true,"href":"https:\/\/www.ocshop.ch\/fr\/wp-json\/wp\/v2\/product_tag?post=10113"}],"curies":[{"name":"wp","href":"https:\/\/api.w.org\/{rel}","templated":true}]}}