{"id":10111,"date":"2011-03-17T11:06:08","date_gmt":"2011-03-17T09:06:08","guid":{"rendered":"https:\/\/shoptest.ocshop.ch\/produkt\/protege-tympans-en-matiere-plastique-alveolaire-avec-fil-de-securite-cylindriques\/"},"modified":"2011-03-17T11:06:08","modified_gmt":"2011-03-17T09:06:08","slug":"protege-tympans-en-matiere-plastique-alveolaire-avec-fil-de-securite-cylindriques","status":"publish","type":"product","link":"https:\/\/www.ocshop.ch\/fr\/produkt\/protege-tympans-en-matiere-plastique-alveolaire-avec-fil-de-securite-cylindriques\/","title":{"rendered":"Prot\u00e8ge-tympans en mati\u00e8re plastique alv\u00e9olaire avec fil de s\u00e9curit\u00e9, cylindriques"},"content":{"rendered":"<div class=\"product-name\">\n<p>Prot\u00e8ge-tympans en mati\u00e8re plastique alv\u00e9olaire avec fil de s\u00e9curit\u00e9, cylindriques, blanc (100 pi\u00e8ces)<\/p>\n<\/div>\n","protected":false},"excerpt":{"rendered":"<p>Prot\u00e8ge-tympans en mati\u00e8re plastique alv\u00e9olaire avec fil de s\u00e9curit\u00e9, cylindriques, blanc (100 pi\u00e8ces)<\/p>\n","protected":false},"featured_media":6868,"template":"","meta":[],"product_brand":[],"product_cat":[467],"product_tag":[],"class_list":{"0":"post-10111","1":"product","2":"type-product","3":"status-publish","4":"has-post-thumbnail","6":"product_cat-atelier-empreintes","7":"tm-no-options","9":"first","10":"instock","11":"taxable","12":"shipping-taxable","13":"product-type-simple"},"_links":{"self":[{"href":"https:\/\/www.ocshop.ch\/fr\/wp-json\/wp\/v2\/product\/10111","targetHints":{"allow":["GET"]}}],"collection":[{"href":"https:\/\/www.ocshop.ch\/fr\/wp-json\/wp\/v2\/product"}],"about":[{"href":"https:\/\/www.ocshop.ch\/fr\/wp-json\/wp\/v2\/types\/product"}],"wp:featuredmedia":[{"embeddable":true,"href":"https:\/\/www.ocshop.ch\/fr\/wp-json\/wp\/v2\/media\/6868"}],"wp:attachment":[{"href":"https:\/\/www.ocshop.ch\/fr\/wp-json\/wp\/v2\/media?parent=10111"}],"wp:term":[{"taxonomy":"product_brand","embeddable":true,"href":"https:\/\/www.ocshop.ch\/fr\/wp-json\/wp\/v2\/product_brand?post=10111"},{"taxonomy":"product_cat","embeddable":true,"href":"https:\/\/www.ocshop.ch\/fr\/wp-json\/wp\/v2\/product_cat?post=10111"},{"taxonomy":"product_tag","embeddable":true,"href":"https:\/\/www.ocshop.ch\/fr\/wp-json\/wp\/v2\/product_tag?post=10111"}],"curies":[{"name":"wp","href":"https:\/\/api.w.org\/{rel}","templated":true}]}}