{"id":10107,"date":"2011-03-17T11:06:01","date_gmt":"2011-03-17T09:06:01","guid":{"rendered":"https:\/\/shoptest.ocshop.ch\/produkt\/tondeuse-electrique\/"},"modified":"2011-03-17T11:06:01","modified_gmt":"2011-03-17T09:06:01","slug":"tondeuse-electrique","status":"publish","type":"product","link":"https:\/\/www.ocshop.ch\/fr\/produkt\/tondeuse-electrique\/","title":{"rendered":"Tondeuse \u00e9lectrique"},"content":{"rendered":"<div class=\"short-description\">Pour \u00e9liminer les poils dans le conduit auditif. Tondeuse \u00e0 piles (livr\u00e9e avec piles de type LR 6 &#8211; 1,5 V).<\/div>\n","protected":false},"excerpt":{"rendered":"<p>Pour \u00e9liminer les poils dans le conduit auditif. Tondeuse \u00e0 piles (livr\u00e9e avec piles de type LR 6 &#8211; 1,5 V).<\/p>\n","protected":false},"featured_media":6823,"template":"","meta":[],"product_brand":[],"product_cat":[467],"product_tag":[],"class_list":{"0":"post-10107","1":"product","2":"type-product","3":"status-publish","4":"has-post-thumbnail","6":"product_cat-atelier-empreintes","7":"tm-no-options","9":"first","10":"instock","11":"taxable","12":"shipping-taxable","13":"product-type-simple"},"_links":{"self":[{"href":"https:\/\/www.ocshop.ch\/fr\/wp-json\/wp\/v2\/product\/10107","targetHints":{"allow":["GET"]}}],"collection":[{"href":"https:\/\/www.ocshop.ch\/fr\/wp-json\/wp\/v2\/product"}],"about":[{"href":"https:\/\/www.ocshop.ch\/fr\/wp-json\/wp\/v2\/types\/product"}],"wp:featuredmedia":[{"embeddable":true,"href":"https:\/\/www.ocshop.ch\/fr\/wp-json\/wp\/v2\/media\/6823"}],"wp:attachment":[{"href":"https:\/\/www.ocshop.ch\/fr\/wp-json\/wp\/v2\/media?parent=10107"}],"wp:term":[{"taxonomy":"product_brand","embeddable":true,"href":"https:\/\/www.ocshop.ch\/fr\/wp-json\/wp\/v2\/product_brand?post=10107"},{"taxonomy":"product_cat","embeddable":true,"href":"https:\/\/www.ocshop.ch\/fr\/wp-json\/wp\/v2\/product_cat?post=10107"},{"taxonomy":"product_tag","embeddable":true,"href":"https:\/\/www.ocshop.ch\/fr\/wp-json\/wp\/v2\/product_tag?post=10107"}],"curies":[{"name":"wp","href":"https:\/\/api.w.org\/{rel}","templated":true}]}}