{"id":10106,"date":"2011-03-17T11:05:55","date_gmt":"2011-03-17T09:05:55","guid":{"rendered":"https:\/\/shoptest.ocshop.ch\/produkt\/lunettes-de-securite\/"},"modified":"2011-03-17T11:05:55","modified_gmt":"2011-03-17T09:05:55","slug":"lunettes-de-securite","status":"publish","type":"product","link":"https:\/\/www.ocshop.ch\/fr\/produkt\/lunettes-de-securite\/","title":{"rendered":"Lunettes de s\u00e9curit\u00e9"},"content":{"rendered":"<div class=\"overview\">\n<div class=\"overview-inner\">\n<div class=\"short-description\">Lunettes de protection avec monture en mati\u00e8re plastique tr\u00e8s robuste et l\u00e9g\u00e8re, verres antibu\u00e9s, r\u00e9sistants aux rayons U.V. et aux substances chimiques. Ils sont aussi antistatiques.<\/div>\n<\/div>\n<\/div>\n","protected":false},"excerpt":{"rendered":"<p>Lunettes de protection avec monture en mati\u00e8re plastique tr\u00e8s robuste et l\u00e9g\u00e8re, verres antibu\u00e9s, r\u00e9sistants aux rayons U.V. et aux substances chimiques. Ils sont aussi antistatiques.<\/p>\n","protected":false},"featured_media":9602,"template":"","meta":[],"product_brand":[],"product_cat":[467],"product_tag":[],"class_list":{"0":"post-10106","1":"product","2":"type-product","3":"status-publish","4":"has-post-thumbnail","6":"product_cat-atelier-empreintes","7":"tm-no-options","9":"first","10":"instock","11":"taxable","12":"shipping-taxable","13":"product-type-simple"},"_links":{"self":[{"href":"https:\/\/www.ocshop.ch\/fr\/wp-json\/wp\/v2\/product\/10106","targetHints":{"allow":["GET"]}}],"collection":[{"href":"https:\/\/www.ocshop.ch\/fr\/wp-json\/wp\/v2\/product"}],"about":[{"href":"https:\/\/www.ocshop.ch\/fr\/wp-json\/wp\/v2\/types\/product"}],"wp:featuredmedia":[{"embeddable":true,"href":"https:\/\/www.ocshop.ch\/fr\/wp-json\/wp\/v2\/media\/9602"}],"wp:attachment":[{"href":"https:\/\/www.ocshop.ch\/fr\/wp-json\/wp\/v2\/media?parent=10106"}],"wp:term":[{"taxonomy":"product_brand","embeddable":true,"href":"https:\/\/www.ocshop.ch\/fr\/wp-json\/wp\/v2\/product_brand?post=10106"},{"taxonomy":"product_cat","embeddable":true,"href":"https:\/\/www.ocshop.ch\/fr\/wp-json\/wp\/v2\/product_cat?post=10106"},{"taxonomy":"product_tag","embeddable":true,"href":"https:\/\/www.ocshop.ch\/fr\/wp-json\/wp\/v2\/product_tag?post=10106"}],"curies":[{"name":"wp","href":"https:\/\/api.w.org\/{rel}","templated":true}]}}