{"id":10104,"date":"2011-03-17T11:05:40","date_gmt":"2011-03-17T09:05:40","guid":{"rendered":"https:\/\/shoptest.ocshop.ch\/produkt\/pistolet-a-lumiere-pour-ploymerisation-megalux-cs-230-v\/"},"modified":"2025-01-07T16:03:05","modified_gmt":"2025-01-07T14:03:05","slug":"pistolet-a-lumiere-pour-ploymerisation-megalux-cs-230-v","status":"publish","type":"product","link":"https:\/\/www.ocshop.ch\/fr\/produkt\/pistolet-a-lumiere-pour-ploymerisation-megalux-cs-230-v\/","title":{"rendered":"Pistolet \u00e0 lumi\u00e8re pour ploym\u00e9risation Megalux CS, 230 V"},"content":{"rendered":"<div class=\"short-description\">Appareil de polym\u00e9risation puissant \u00e0 lumi\u00e8re halog\u00e8ne pour la polym\u00e9risation de p\u00e2tes \u00e0 modeler photopolym\u00e9risables (par ex. Xpress) pour la r\u00e9alisation d&rsquo;\u00e9vents ou de r\u00e9parations.<br \/>\nDes touches de pr\u00e9s\u00e9lection permettent de pr\u00e9r\u00e9gler le temps de polym\u00e9risation \u00e0 20 ou 40 secondes ou en mode continu.<br \/>\nLivr\u00e9 avec un guide de lumi\u00e8re en fibre optique 3 mm,<br \/>\navec en plus une ampoule halog\u00e8ne de rechange (75 W) et un \u00e9cran de protection anti-reflet orange.   <\/div>\n<div class=\"additional-details\"><\/div>\n<div class=\"product-collateral\">\n<div class=\"product-specs-box\">\n<div class=\"specification-wrapper\"><span class=\"specification-name\">Puissance de sortie : <\/span><span class=\"specification-value\">130 W<\/span><\/div>\n<div class=\"specification-wrapper\"><span class=\"specification-name\">Tension d&rsquo;alimentation : <\/span><span class=\"specification-value\">230 V<\/span><\/div>\n<div class=\"specification-wrapper\">\n                <span class=\"specification-name\">Spectr.<br \/>\nAllocation de radiation:  <\/span><br \/>\n                <span class=\"specification-value\">400 &#8211; 500 nm<\/span>\n              <\/div>\n<div class=\"specification-wrapper\"><span class=\"specification-name\">Dimensions : <\/span><span class=\"specification-value\">22 x 16 x 8 cm (H)<\/span><\/div>\n<div class=\"specification-wrapper\"><span class=\"specification-name\">Poids: <\/span><span class=\"specification-value\">2,5 kg<\/span><\/div>\n<\/p><\/div>\n<\/p><\/div>\n","protected":false},"excerpt":{"rendered":"<p>Appareil de polym\u00e9risation puissant \u00e0 lumi\u00e8re halog\u00e8ne pour la polym\u00e9risation de p\u00e2tes \u00e0 modeler photopolym\u00e9risables (par ex. Xpress) pour la r\u00e9alisation d&rsquo;\u00e9vents ou de r\u00e9parations. Des touches de pr\u00e9s\u00e9lection permettent de pr\u00e9r\u00e9gler le temps de polym\u00e9risation \u00e0 20 ou 40 secondes ou en mode continu. Livr\u00e9 avec un guide de lumi\u00e8re en fibre optique 3 [&hellip;]<\/p>\n","protected":false},"featured_media":11648,"template":"","meta":[],"product_brand":[],"product_cat":[467],"product_tag":[],"class_list":{"0":"post-10104","1":"product","2":"type-product","3":"status-publish","4":"has-post-thumbnail","6":"product_cat-atelier-empreintes","7":"tm-no-options","9":"first","10":"instock","11":"taxable","12":"shipping-taxable","13":"product-type-simple"},"_links":{"self":[{"href":"https:\/\/www.ocshop.ch\/fr\/wp-json\/wp\/v2\/product\/10104","targetHints":{"allow":["GET"]}}],"collection":[{"href":"https:\/\/www.ocshop.ch\/fr\/wp-json\/wp\/v2\/product"}],"about":[{"href":"https:\/\/www.ocshop.ch\/fr\/wp-json\/wp\/v2\/types\/product"}],"wp:featuredmedia":[{"embeddable":true,"href":"https:\/\/www.ocshop.ch\/fr\/wp-json\/wp\/v2\/media\/11648"}],"wp:attachment":[{"href":"https:\/\/www.ocshop.ch\/fr\/wp-json\/wp\/v2\/media?parent=10104"}],"wp:term":[{"taxonomy":"product_brand","embeddable":true,"href":"https:\/\/www.ocshop.ch\/fr\/wp-json\/wp\/v2\/product_brand?post=10104"},{"taxonomy":"product_cat","embeddable":true,"href":"https:\/\/www.ocshop.ch\/fr\/wp-json\/wp\/v2\/product_cat?post=10104"},{"taxonomy":"product_tag","embeddable":true,"href":"https:\/\/www.ocshop.ch\/fr\/wp-json\/wp\/v2\/product_tag?post=10104"}],"curies":[{"name":"wp","href":"https:\/\/api.w.org\/{rel}","templated":true}]}}