{"id":10103,"date":"2011-03-17T11:05:39","date_gmt":"2011-03-17T09:05:39","guid":{"rendered":"https:\/\/shoptest.ocshop.ch\/produkt\/laque-l-nano-500-ml\/"},"modified":"2011-03-17T11:05:39","modified_gmt":"2011-03-17T09:05:39","slug":"laque-l-nano-500-ml","status":"publish","type":"product","link":"https:\/\/www.ocshop.ch\/fr\/produkt\/laque-l-nano-500-ml\/","title":{"rendered":"Laque L nano, 500 ml"},"content":{"rendered":"<div class=\"short-description\">Laque \u00e0 un composant (s\u00e9chant \u00e0 l&rsquo;air) avec du nano-argent, pour le Laquage des embouts en silicone avec une couche d&rsquo;imperm\u00e9abilisation durable et r\u00e9sistante aux bact\u00e9ries. Le Laquage peut \u00eatre renouvel\u00e9 \u00e0 tout moment, par exemple apr\u00e8s un pon\u00e7age ou un fraisage.<\/div>\n<div class=\"additional-details\"><\/div>\n<div class=\"product-collateral\">\n<div class=\"product-specs-box\">\n<div class=\"specification-wrapper\"><span class=\"specification-name\">Temp\u00e9rature de stockage :\u00a0<\/span><span class=\"specification-value\">15 &#8211; 25\u00b0 C<\/span><\/div>\n<div class=\"specification-wrapper\"><span class=\"specification-name\">Unit\u00e9\u00a0<\/span><span class=\"specification-value\">500 ml<\/span><\/div>\n<\/div>\n<\/div>\n","protected":false},"excerpt":{"rendered":"<p>Laque \u00e0 un composant (s\u00e9chant \u00e0 l&rsquo;air) avec du nano-argent, pour le Laquage des embouts en silicone avec une couche d&rsquo;imperm\u00e9abilisation durable et r\u00e9sistante aux bact\u00e9ries. Le Laquage peut \u00eatre renouvel\u00e9 \u00e0 tout moment, par exemple apr\u00e8s un pon\u00e7age ou un fraisage. Temp\u00e9rature de stockage :\u00a015 &#8211; 25\u00b0 C Unit\u00e9\u00a0500 ml<\/p>\n","protected":false},"featured_media":6775,"template":"","meta":[],"product_brand":[],"product_cat":[467],"product_tag":[],"class_list":{"0":"post-10103","1":"product","2":"type-product","3":"status-publish","4":"has-post-thumbnail","6":"product_cat-atelier-empreintes","7":"tm-no-options","9":"first","10":"instock","11":"taxable","12":"shipping-taxable","13":"product-type-simple"},"_links":{"self":[{"href":"https:\/\/www.ocshop.ch\/fr\/wp-json\/wp\/v2\/product\/10103","targetHints":{"allow":["GET"]}}],"collection":[{"href":"https:\/\/www.ocshop.ch\/fr\/wp-json\/wp\/v2\/product"}],"about":[{"href":"https:\/\/www.ocshop.ch\/fr\/wp-json\/wp\/v2\/types\/product"}],"wp:featuredmedia":[{"embeddable":true,"href":"https:\/\/www.ocshop.ch\/fr\/wp-json\/wp\/v2\/media\/6775"}],"wp:attachment":[{"href":"https:\/\/www.ocshop.ch\/fr\/wp-json\/wp\/v2\/media?parent=10103"}],"wp:term":[{"taxonomy":"product_brand","embeddable":true,"href":"https:\/\/www.ocshop.ch\/fr\/wp-json\/wp\/v2\/product_brand?post=10103"},{"taxonomy":"product_cat","embeddable":true,"href":"https:\/\/www.ocshop.ch\/fr\/wp-json\/wp\/v2\/product_cat?post=10103"},{"taxonomy":"product_tag","embeddable":true,"href":"https:\/\/www.ocshop.ch\/fr\/wp-json\/wp\/v2\/product_tag?post=10103"}],"curies":[{"name":"wp","href":"https:\/\/api.w.org\/{rel}","templated":true}]}}