{"id":10101,"date":"2011-03-17T11:05:32","date_gmt":"2011-03-17T09:05:32","guid":{"rendered":"https:\/\/shoptest.ocshop.ch\/produkt\/silicone-de-duplication-transparente-8-doubles-cartouches-2-x-25-ml\/"},"modified":"2025-01-07T16:03:45","modified_gmt":"2025-01-07T14:03:45","slug":"silicone-de-duplication-transparente-8-doubles-cartouches-2-x-25-ml","status":"publish","type":"product","link":"https:\/\/www.ocshop.ch\/fr\/produkt\/silicone-de-duplication-transparente-8-doubles-cartouches-2-x-25-ml\/","title":{"rendered":"Silicone de duplication transparent, pt.\n\u00e0 8 cartouches"},"content":{"rendered":"<div class=\"variant-description\">\n<div class=\"variant-description\">Silicone de coul\u00e9e \u00e0 r\u00e9ticulation par addition pour la production des formes n\u00e9gatives.<br \/>\nPar sa transparence particuli\u00e8re le temps de la photopolym\u00e9risation raccourcit par rapport \u00e0 d&rsquo;autres produits.<br \/>\nSp\u00e9cialement appropri\u00e9 pour traiter des photopolym\u00e9risats ou pour la production des moules de contr\u00f4le pour intras.  <\/div>\n<div class=\"variant-description\">Rapport de m\u00e9lange 1:1<\/div>\n<div><\/div>\n<div class=\"variant-name\">Silicone de duplication transparente, 8 doubles cartouches (2 x 25 ml)<\/div>\n<div><\/div>\n<div class=\"product-specs-box\">\n<div class=\"specification-wrapper\"><span class=\"specification-name\">Duret\u00e9 finale : <\/span><span class=\"specification-value\">16 shore <\/span> <\/div>\n<div class=\"specification-wrapper\"><span class=\"specification-name\">Temp\u00e9rature de stockage : <\/span><span class=\"specification-value\">5 &#8211; 30\u00b0C <\/span> <\/div>\n<div class=\"specification-wrapper\"><span class=\"specification-name\">Quantit\u00e9 : <\/span><span class=\"specification-value\">8 cartouches doubles (2 x 25 ml)* <\/span> <\/div>\n<div class=\"specification-wrapper\"><span class=\"specification-name\">Illustration <\/span><span class=\"specification-value\">similaire \u00e0<\/span><\/div>\n<\/p><\/div>\n<\/p><\/div>\n<div class=\"full-description\"><\/div>\n","protected":false},"excerpt":{"rendered":"<p>Silicone de coul\u00e9e \u00e0 r\u00e9ticulation par addition pour la production des formes n\u00e9gatives. Par sa transparence particuli\u00e8re le temps de la photopolym\u00e9risation raccourcit par rapport \u00e0 d&rsquo;autres produits. Sp\u00e9cialement appropri\u00e9 pour traiter des photopolym\u00e9risats ou pour la production des moules de contr\u00f4le pour intras. Rapport de m\u00e9lange 1:1 Silicone de duplication transparente, 8 doubles cartouches [&hellip;]<\/p>\n","protected":false},"featured_media":11639,"template":"","meta":[],"product_brand":[],"product_cat":[467],"product_tag":[],"class_list":{"0":"post-10101","1":"product","2":"type-product","3":"status-publish","4":"has-post-thumbnail","6":"product_cat-atelier-empreintes","7":"tm-no-options","9":"first","10":"instock","11":"taxable","12":"shipping-taxable","13":"product-type-simple"},"_links":{"self":[{"href":"https:\/\/www.ocshop.ch\/fr\/wp-json\/wp\/v2\/product\/10101","targetHints":{"allow":["GET"]}}],"collection":[{"href":"https:\/\/www.ocshop.ch\/fr\/wp-json\/wp\/v2\/product"}],"about":[{"href":"https:\/\/www.ocshop.ch\/fr\/wp-json\/wp\/v2\/types\/product"}],"wp:featuredmedia":[{"embeddable":true,"href":"https:\/\/www.ocshop.ch\/fr\/wp-json\/wp\/v2\/media\/11639"}],"wp:attachment":[{"href":"https:\/\/www.ocshop.ch\/fr\/wp-json\/wp\/v2\/media?parent=10101"}],"wp:term":[{"taxonomy":"product_brand","embeddable":true,"href":"https:\/\/www.ocshop.ch\/fr\/wp-json\/wp\/v2\/product_brand?post=10101"},{"taxonomy":"product_cat","embeddable":true,"href":"https:\/\/www.ocshop.ch\/fr\/wp-json\/wp\/v2\/product_cat?post=10101"},{"taxonomy":"product_tag","embeddable":true,"href":"https:\/\/www.ocshop.ch\/fr\/wp-json\/wp\/v2\/product_tag?post=10101"}],"curies":[{"name":"wp","href":"https:\/\/api.w.org\/{rel}","templated":true}]}}