{"id":10100,"date":"2011-03-17T11:05:16","date_gmt":"2011-03-17T09:05:16","guid":{"rendered":"https:\/\/shoptest.ocshop.ch\/produkt\/matiere-de-duplication-350-g\/"},"modified":"2011-03-17T11:05:16","modified_gmt":"2011-03-17T09:05:16","slug":"matiere-de-duplication-350-g","status":"publish","type":"product","link":"https:\/\/www.ocshop.ch\/fr\/produkt\/matiere-de-duplication-350-g\/","title":{"rendered":"Mati\u00e8re de duplication, 350 g"},"content":{"rendered":"<div class=\"variant-description\">Le mat\u00e9riau de duplication egger \u00e0 base d&rsquo;hydrocollo\u00efde a \u00e9t\u00e9 \u00e9labor\u00e9e pour les formes n\u00e9gatives. Gr\u00e2ce \u00e0 sa transparence, la mati\u00e8re est sp\u00e9cialement appropri\u00e9e \u00e0 la technique de photopolym\u00e9risation. La mati\u00e8re peut \u00eatre utilis\u00e9e \u00e9galement pour traiter des r\u00e9sines de polym\u00e9risation \u00e0 froid. La mati\u00e8re caract\u00e9ristique pour former une reproduction exacte qui peut \u00eatre r\u00e9utilis\u00e9e plusieurs fois.<br \/>\nMati\u00e8re pr\u00eate \u00e0 l&#8217;emploi pour un traitement rapide, par ex. dans un micro-ondes, appropri\u00e9e pour des petites quantit\u00e9s.<\/div>\n<div class=\"variant-name\"><\/div>\n<div class=\"product-specs-box\">\n<div class=\"specification-wrapper\"><span class=\"specification-name\">Temp\u00e9rature de traitement :\u00a0<\/span><span class=\"specification-value\">45 &#8211; 47\u00b0 C<\/span><\/div>\n<div class=\"specification-wrapper\"><span class=\"specification-name\">Temp\u00e9rature de fusion :\u00a0<\/span><span class=\"specification-value\">90\u00b0 C<\/span><\/div>\n<div class=\"specification-wrapper\"><span class=\"specification-name\">Temp\u00e9rature de stockage :\u00a0<\/span><span class=\"specification-value\">-30 &#8211; +40\u00b0C<\/span><\/div>\n<div class=\"specification-wrapper\">Contenu : Pot de 350 g<\/div>\n<\/div>\n","protected":false},"excerpt":{"rendered":"<p>Le mat\u00e9riau de duplication egger \u00e0 base d&rsquo;hydrocollo\u00efde a \u00e9t\u00e9 \u00e9labor\u00e9e pour les formes n\u00e9gatives. Gr\u00e2ce \u00e0 sa transparence, la mati\u00e8re est sp\u00e9cialement appropri\u00e9e \u00e0 la technique de photopolym\u00e9risation. La mati\u00e8re peut \u00eatre utilis\u00e9e \u00e9galement pour traiter des r\u00e9sines de polym\u00e9risation \u00e0 froid. La mati\u00e8re caract\u00e9ristique pour former une reproduction exacte qui peut \u00eatre r\u00e9utilis\u00e9e [&hellip;]<\/p>\n","protected":false},"featured_media":6783,"template":"","meta":[],"product_brand":[],"product_cat":[467],"product_tag":[],"class_list":{"0":"post-10100","1":"product","2":"type-product","3":"status-publish","4":"has-post-thumbnail","6":"product_cat-atelier-empreintes","7":"pa_einheit-boite-de-350-g","8":"tm-no-options","10":"first","11":"instock","12":"taxable","13":"shipping-taxable","14":"product-type-simple"},"_links":{"self":[{"href":"https:\/\/www.ocshop.ch\/fr\/wp-json\/wp\/v2\/product\/10100","targetHints":{"allow":["GET"]}}],"collection":[{"href":"https:\/\/www.ocshop.ch\/fr\/wp-json\/wp\/v2\/product"}],"about":[{"href":"https:\/\/www.ocshop.ch\/fr\/wp-json\/wp\/v2\/types\/product"}],"wp:featuredmedia":[{"embeddable":true,"href":"https:\/\/www.ocshop.ch\/fr\/wp-json\/wp\/v2\/media\/6783"}],"wp:attachment":[{"href":"https:\/\/www.ocshop.ch\/fr\/wp-json\/wp\/v2\/media?parent=10100"}],"wp:term":[{"taxonomy":"product_brand","embeddable":true,"href":"https:\/\/www.ocshop.ch\/fr\/wp-json\/wp\/v2\/product_brand?post=10100"},{"taxonomy":"product_cat","embeddable":true,"href":"https:\/\/www.ocshop.ch\/fr\/wp-json\/wp\/v2\/product_cat?post=10100"},{"taxonomy":"product_tag","embeddable":true,"href":"https:\/\/www.ocshop.ch\/fr\/wp-json\/wp\/v2\/product_tag?post=10100"}],"curies":[{"name":"wp","href":"https:\/\/api.w.org\/{rel}","templated":true}]}}