{"id":10099,"date":"2011-03-17T11:07:30","date_gmt":"2011-03-17T09:07:30","guid":{"rendered":"https:\/\/shoptest.ocshop.ch\/produkt\/latelier-mobile-avec-contenu\/"},"modified":"2025-01-07T16:01:07","modified_gmt":"2025-01-07T14:01:07","slug":"latelier-mobile-avec-contenu","status":"publish","type":"product","link":"https:\/\/www.ocshop.ch\/fr\/produkt\/latelier-mobile-avec-contenu\/","title":{"rendered":"L&rsquo;atelier roulant (avec contenu) \/ Ma\u00eetre Kofer MS2"},"content":{"rendered":"<div class=\"variant-description\">Le trolley (aluminium noir) sp\u00e9cialement adapt\u00e9 aux besoins des examens de ma\u00eetrise a le contenu suivant (1 pi\u00e8ce de chaque) : Otoscope LED LuxaScope Auris (fonctionne sur piles) \/ B\u00e2ton lumineux LED avec pointe acrylique \/ Pointe acrylique avec \u00e9chelle pour b\u00e2ton lumineux LED \/ Pince \u00e0 \u00e9largir les tuyaux \/ Ciseaux &#8211; pointe arrondie \/ Pincette \u00e0 ba\u00efonnette \/ egger A\/ITE (8 cartouches doubles) \/ Pistolet \u00e0 injection \/ Aiguilles de m\u00e9lange, 25 pi\u00e8ces \/ Clear Former &#8211; feuille de moulage (2 x 10 pi\u00e8ces) \/ Ouate et fil pour la fabrication de pads \/ cedis spray avec vaporisateur, 100 ml \/ forme de manchette, 40 mm, 2 pi\u00e8ces \/ pi\u00e8ce de base, 40 mm, 2 pi\u00e8ces \/ silicone de duplication transparent, 8 cartouches \/ bo\u00eete ronde, transparente, 50 mm \/ moule d&rsquo;enrobage transparent, 50 mm, 2 pi\u00e8ces \/ cuill\u00e8re de dosage \/ egger acrylique\/B monom\u00e8re (liquide), 250 ml \/ egger acrylique\/B polym\u00e8re (poudre), transparent, 0,5 kg \/ r\u00e9cipient de m\u00e9lange, 70 ml \/ spatule de m\u00e9lange petite \/ pique \u00e0 tremper pour cirer 1 empreinte (uniquement dans la version standard) \/ plaque de cire \u00e0 tremper, verte, 167 g (uniquement dans la version standard) \/ tuyau sonore, PVC 2,0 x 3,1 mm transparent \/ egger LP\/H transparent, flacon de 300 g \/ egger LP\/H p\u00e2te \u00e0 modeler transparente, 20 g \/ verre \u00e0 tremper, 60 ml \/ feuille noire ronde, 10 pi\u00e8ces, diam\u00e8tre 4,5 cm \/ LP Cleaner 250 ml \/ pincettes fines &#8211; courb\u00e9es \/ kit de m\u00e8ches pour mat\u00e9riaux otoplastiques durs \/ m\u00e8che rose, 3,5 mm \/ HM Face-Plate-Trimmer \/ Softrondell vert, non mont\u00e9, 10 pi\u00e8ces \/ mandrin pour Softrondell \/ pierre spongieuse, mont\u00e9e, pointu et \u00e9troit \/ Papier abrasif 180, grossier \/ Uniglue\/2, 10 g avec pointe de dosage petite 0,5 mm \/ Couteau de laboratoire avec lame de rechange (1 pi\u00e8ce) \/ Scalpel avec 1 lame, manche plat \/ Lames de rechange pour scalpel \u00e0 manche plat (5 pi\u00e8ces) \/ Coton-tiges, 300 pi\u00e8ces \/ Visi\u00e8re de protection \/ Masque anti-poussi\u00e8re fine, 5 pi\u00e8ces \/ Stetoclip, noir \/ Plaque de m\u00e9lange, plastique \/ Porte-m\u00e8ches rabattable \/ Bo\u00eete de mouchoirs en papier \/ 1 jeu de photoplastiques de formation y compris. Tuyaux acoustiques (dans le set 5 x droite\/5 x gauche chacun) \/ eDAPT2go embout auriculaire (3 paires) \/ Edding noir &#8211; fin \/ Minuteur num\u00e9rique<\/p><\/div>\n","protected":false},"excerpt":{"rendered":"<p>Le trolley (aluminium noir) sp\u00e9cialement adapt\u00e9 aux besoins des examens de ma\u00eetrise a le contenu suivant (1 pi\u00e8ce de chaque) : Otoscope LED LuxaScope Auris (fonctionne sur piles) \/ B\u00e2ton lumineux LED avec pointe acrylique \/ Pointe acrylique avec \u00e9chelle pour b\u00e2ton lumineux LED \/ Pince \u00e0 \u00e9largir les tuyaux \/ Ciseaux &#8211; pointe arrondie [&hellip;]<\/p>\n","protected":false},"featured_media":11579,"template":"","meta":[],"product_brand":[],"product_cat":[467],"product_tag":[],"class_list":{"0":"post-10099","1":"product","2":"type-product","3":"status-publish","4":"has-post-thumbnail","6":"product_cat-atelier-empreintes","7":"tm-no-options","9":"first","10":"instock","11":"taxable","12":"shipping-taxable","13":"product-type-simple"},"_links":{"self":[{"href":"https:\/\/www.ocshop.ch\/fr\/wp-json\/wp\/v2\/product\/10099","targetHints":{"allow":["GET"]}}],"collection":[{"href":"https:\/\/www.ocshop.ch\/fr\/wp-json\/wp\/v2\/product"}],"about":[{"href":"https:\/\/www.ocshop.ch\/fr\/wp-json\/wp\/v2\/types\/product"}],"wp:featuredmedia":[{"embeddable":true,"href":"https:\/\/www.ocshop.ch\/fr\/wp-json\/wp\/v2\/media\/11579"}],"wp:attachment":[{"href":"https:\/\/www.ocshop.ch\/fr\/wp-json\/wp\/v2\/media?parent=10099"}],"wp:term":[{"taxonomy":"product_brand","embeddable":true,"href":"https:\/\/www.ocshop.ch\/fr\/wp-json\/wp\/v2\/product_brand?post=10099"},{"taxonomy":"product_cat","embeddable":true,"href":"https:\/\/www.ocshop.ch\/fr\/wp-json\/wp\/v2\/product_cat?post=10099"},{"taxonomy":"product_tag","embeddable":true,"href":"https:\/\/www.ocshop.ch\/fr\/wp-json\/wp\/v2\/product_tag?post=10099"}],"curies":[{"name":"wp","href":"https:\/\/api.w.org\/{rel}","templated":true}]}}