{"id":10095,"date":"2011-03-17T11:07:52","date_gmt":"2011-03-17T09:07:52","guid":{"rendered":"https:\/\/shoptest.ocshop.ch\/produkt\/alpine-partyplug-1-paire-dans-une-boite-en-plastique\/"},"modified":"2025-01-07T16:05:01","modified_gmt":"2025-01-07T14:05:01","slug":"alpine-partyplug-1-paire-dans-une-boite-en-plastique","status":"publish","type":"product","link":"https:\/\/www.ocshop.ch\/fr\/produkt\/alpine-partyplug-1-paire-dans-une-boite-en-plastique\/","title":{"rendered":"Alpine PartyPlug\u00ae, 1 paire dans une bo\u00eete en plastique"},"content":{"rendered":"<div class=\"short-description\">Casque antibruit standard pour un volume sonore agr\u00e9able en \u00e9coutant de la musique. Lamelle et syst\u00e8me de filtre transparents. <\/div>\n<div class=\"additional-details\"><\/div>\n<div class=\"product-collateral\">\n<div class=\"product-specs-box\">\n<div class=\"specification-wrapper\"><span class=\"specification-name\">Valeur SNR : <\/span><span class=\"specification-value\">19 dB<\/span><\/div>\n<div class=\"specification-wrapper\"><span class=\"specification-name\">Valeur H : <\/span><span class=\"specification-value\">19 dB<\/span><\/div>\n<div class=\"specification-wrapper\"><span class=\"specification-name\">Valeur M : <\/span><span class=\"specification-value\">17 dB<\/span><\/div>\n<div class=\"specification-wrapper\"><span class=\"specification-name\">Valeur L : <\/span><span class=\"specification-value\">12 dB<\/span><\/div>\n<\/p><\/div>\n<\/p><\/div>\n","protected":false},"excerpt":{"rendered":"<p>Casque antibruit standard pour un volume sonore agr\u00e9able en \u00e9coutant de la musique. Lamelle et syst\u00e8me de filtre transparents. Valeur SNR : 19 dB Valeur H : 19 dB Valeur M : 17 dB Valeur L : 12 dB<\/p>\n","protected":false},"featured_media":7402,"template":"","meta":[],"product_brand":[],"product_cat":[502],"product_tag":[],"class_list":{"0":"post-10095","1":"product","2":"type-product","3":"status-publish","4":"has-post-thumbnail","6":"product_cat-protection-auditive-universelle","7":"tm-no-options","9":"first","10":"instock","11":"taxable","12":"shipping-taxable","13":"product-type-simple"},"_links":{"self":[{"href":"https:\/\/www.ocshop.ch\/fr\/wp-json\/wp\/v2\/product\/10095","targetHints":{"allow":["GET"]}}],"collection":[{"href":"https:\/\/www.ocshop.ch\/fr\/wp-json\/wp\/v2\/product"}],"about":[{"href":"https:\/\/www.ocshop.ch\/fr\/wp-json\/wp\/v2\/types\/product"}],"wp:featuredmedia":[{"embeddable":true,"href":"https:\/\/www.ocshop.ch\/fr\/wp-json\/wp\/v2\/media\/7402"}],"wp:attachment":[{"href":"https:\/\/www.ocshop.ch\/fr\/wp-json\/wp\/v2\/media?parent=10095"}],"wp:term":[{"taxonomy":"product_brand","embeddable":true,"href":"https:\/\/www.ocshop.ch\/fr\/wp-json\/wp\/v2\/product_brand?post=10095"},{"taxonomy":"product_cat","embeddable":true,"href":"https:\/\/www.ocshop.ch\/fr\/wp-json\/wp\/v2\/product_cat?post=10095"},{"taxonomy":"product_tag","embeddable":true,"href":"https:\/\/www.ocshop.ch\/fr\/wp-json\/wp\/v2\/product_tag?post=10095"}],"curies":[{"name":"wp","href":"https:\/\/api.w.org\/{rel}","templated":true}]}}