{"id":10093,"date":"2011-03-17T11:07:54","date_gmt":"2011-03-17T09:07:54","guid":{"rendered":"https:\/\/shoptest.ocshop.ch\/produkt\/alpine-worksafe-1-paire-dans-une-boite-en-plastique\/"},"modified":"2025-01-07T15:47:53","modified_gmt":"2025-01-07T13:47:53","slug":"alpine-worksafe-1-paire-dans-une-boite-en-plastique","status":"publish","type":"product","link":"https:\/\/www.ocshop.ch\/fr\/produkt\/alpine-worksafe-1-paire-dans-une-boite-en-plastique\/","title":{"rendered":"Alpine WorkSafe\u00ae, 1 paire dans une bo\u00eete en plastique"},"content":{"rendered":"<div class=\"short-description\">Protection auditive standard contre le bruit sur le lieu de travail, pour les loisirs, les loisirs et les sports motoris\u00e9s. Utilisable de mani\u00e8re universelle. Lamelle en noir et syst\u00e8me de filtre en rouge.  <\/div>\n<div class=\"additional-details\"><\/div>\n<div class=\"product-collateral\">\n<div class=\"product-specs-box\">\n<div class=\"specification-wrapper\"><span class=\"specification-name\">Valeur SNR : <\/span><span class=\"specification-value\">23 dB<\/span><\/div>\n<div class=\"specification-wrapper\"><span class=\"specification-name\">Valeur H : <\/span><span class=\"specification-value\">22 dB<\/span><\/div>\n<div class=\"specification-wrapper\"><span class=\"specification-name\">Valeur M : <\/span><span class=\"specification-value\">20 dB<\/span><\/div>\n<div class=\"specification-wrapper\"><span class=\"specification-name\">Valeur L : <\/span><span class=\"specification-value\">20 dB<\/span><\/div>\n<\/p><\/div>\n<\/p><\/div>\n","protected":false},"excerpt":{"rendered":"<p>Protection auditive standard contre le bruit sur le lieu de travail, pour les loisirs, les loisirs et les sports motoris\u00e9s. Utilisable de mani\u00e8re universelle. Lamelle en noir et syst\u00e8me de filtre en rouge. Valeur SNR : 23 dB Valeur H : 22 dB Valeur M : 20 dB Valeur L : 20 dB<\/p>\n","protected":false},"featured_media":7414,"template":"","meta":[],"product_brand":[],"product_cat":[502],"product_tag":[],"class_list":{"0":"post-10093","1":"product","2":"type-product","3":"status-publish","4":"has-post-thumbnail","6":"product_cat-protection-auditive-universelle","7":"tm-no-options","9":"first","10":"instock","11":"taxable","12":"shipping-taxable","13":"product-type-simple"},"_links":{"self":[{"href":"https:\/\/www.ocshop.ch\/fr\/wp-json\/wp\/v2\/product\/10093","targetHints":{"allow":["GET"]}}],"collection":[{"href":"https:\/\/www.ocshop.ch\/fr\/wp-json\/wp\/v2\/product"}],"about":[{"href":"https:\/\/www.ocshop.ch\/fr\/wp-json\/wp\/v2\/types\/product"}],"wp:featuredmedia":[{"embeddable":true,"href":"https:\/\/www.ocshop.ch\/fr\/wp-json\/wp\/v2\/media\/7414"}],"wp:attachment":[{"href":"https:\/\/www.ocshop.ch\/fr\/wp-json\/wp\/v2\/media?parent=10093"}],"wp:term":[{"taxonomy":"product_brand","embeddable":true,"href":"https:\/\/www.ocshop.ch\/fr\/wp-json\/wp\/v2\/product_brand?post=10093"},{"taxonomy":"product_cat","embeddable":true,"href":"https:\/\/www.ocshop.ch\/fr\/wp-json\/wp\/v2\/product_cat?post=10093"},{"taxonomy":"product_tag","embeddable":true,"href":"https:\/\/www.ocshop.ch\/fr\/wp-json\/wp\/v2\/product_tag?post=10093"}],"curies":[{"name":"wp","href":"https:\/\/api.w.org\/{rel}","templated":true}]}}