{"id":10091,"date":"2011-03-17T11:07:54","date_gmt":"2011-03-17T11:07:54","guid":{"rendered":"https:\/\/shoptest.ocshop.ch\/produkt\/alpine-motosafe-race-1-paire-avec-un-etui-de-rangement-et-anneau-de-fixation\/"},"modified":"2026-04-14T13:43:02","modified_gmt":"2026-04-14T11:43:02","slug":"alpine-motosafe-race-1-paire-avec-un-etui-de-rangement-et-anneau-de-fixation","status":"publish","type":"product","link":"https:\/\/www.ocshop.ch\/fr\/produkt\/alpine-motosafe-race-1-paire-avec-un-etui-de-rangement-et-anneau-de-fixation\/","title":{"rendered":"Alpine MotoSafe\u00ae Race, 1 paire avec pochette"},"content":{"rendered":"<div class=\"short-description\">\n<p>Les bouchons d&rsquo;oreille Alpine MotoSafe\u00ae sont fabriqu\u00e9s \u00e0 partir du mat\u00e9riau durable et flexible AlpineThermoShape. Gr\u00e2ce \u00e0 la chaleur du corps, le mat\u00e9riau souple s&rsquo;adapte compl\u00e8tement au conduit auditif et, avec les filtres souples, assure que les bouchons d&rsquo;oreille s&rsquo;adaptent parfaitement sous le casque. Le mat\u00e9riau AlpineThermoShape ne contient pas de silicone et ne provoque donc pas de r\u00e9actions allergiques. Les bouchons d&rsquo;oreille peuvent donc \u00eatre port\u00e9s sans probl\u00e8me toute la journ\u00e9e.   <\/p>\n<\/div>\n<div class=\"additional-details\"><\/div>\n<div class=\"product-collateral\">\n<div class=\"product-specs-box\">\n<div class=\"specification-wrapper\"><span class=\"specification-name\">Valeur SNR : <\/span><span class=\"specification-value\">20 dB<\/span><\/div>\n<div class=\"specification-wrapper\"><span class=\"specification-name\">Valeur H : <\/span><span class=\"specification-value\">20 dB<\/span><\/div>\n<div class=\"specification-wrapper\"><span class=\"specification-name\">Valeur M : <\/span><span class=\"specification-value\">17 dB<\/span><\/div>\n<div class=\"specification-wrapper\"><span class=\"specification-name\">Valeur L : <\/span><span class=\"specification-value\">15 dB<\/span><\/div>\n<\/div>\n<\/div>\n","protected":false},"excerpt":{"rendered":"<p>Les bouchons d&rsquo;oreille Alpine MotoSafe\u00ae sont fabriqu\u00e9s \u00e0 partir du mat\u00e9riau durable et flexible AlpineThermoShape. Gr\u00e2ce \u00e0 la chaleur du corps, le mat\u00e9riau souple s&rsquo;adapte compl\u00e8tement au conduit auditif et, avec les filtres souples, assure que les bouchons d&rsquo;oreille s&rsquo;adaptent parfaitement sous le casque. Le mat\u00e9riau AlpineThermoShape ne contient pas de silicone et ne provoque [&hellip;]<\/p>\n","protected":false},"featured_media":7418,"template":"","meta":[],"product_brand":[],"product_cat":[502],"product_tag":[],"class_list":{"0":"post-10091","1":"product","2":"type-product","3":"status-publish","4":"has-post-thumbnail","6":"product_cat-protection-auditive-universelle","7":"tm-no-options","9":"first","10":"instock","11":"taxable","12":"shipping-taxable","13":"product-type-simple"},"_links":{"self":[{"href":"https:\/\/www.ocshop.ch\/fr\/wp-json\/wp\/v2\/product\/10091","targetHints":{"allow":["GET"]}}],"collection":[{"href":"https:\/\/www.ocshop.ch\/fr\/wp-json\/wp\/v2\/product"}],"about":[{"href":"https:\/\/www.ocshop.ch\/fr\/wp-json\/wp\/v2\/types\/product"}],"wp:featuredmedia":[{"embeddable":true,"href":"https:\/\/www.ocshop.ch\/fr\/wp-json\/wp\/v2\/media\/7418"}],"wp:attachment":[{"href":"https:\/\/www.ocshop.ch\/fr\/wp-json\/wp\/v2\/media?parent=10091"}],"wp:term":[{"taxonomy":"product_brand","embeddable":true,"href":"https:\/\/www.ocshop.ch\/fr\/wp-json\/wp\/v2\/product_brand?post=10091"},{"taxonomy":"product_cat","embeddable":true,"href":"https:\/\/www.ocshop.ch\/fr\/wp-json\/wp\/v2\/product_cat?post=10091"},{"taxonomy":"product_tag","embeddable":true,"href":"https:\/\/www.ocshop.ch\/fr\/wp-json\/wp\/v2\/product_tag?post=10091"}],"curies":[{"name":"wp","href":"https:\/\/api.w.org\/{rel}","templated":true}]}}