{"id":10090,"date":"2011-03-17T11:08:52","date_gmt":"2011-03-17T09:08:52","guid":{"rendered":"https:\/\/shoptest.ocshop.ch\/produkt\/cuilleres-de-dosage-1-paire-1-blanche-1-bleue\/"},"modified":"2011-03-17T11:08:52","modified_gmt":"2011-03-17T09:08:52","slug":"cuilleres-de-dosage-1-paire-1-blanche-1-bleue","status":"publish","type":"product","link":"https:\/\/www.ocshop.ch\/fr\/produkt\/cuilleres-de-dosage-1-paire-1-blanche-1-bleue\/","title":{"rendered":"Cuill\u00e8res de dosage, 1 paire (1 blanche, 1 bleue)"},"content":{"rendered":"<div class=\"short-description\">Pour pr\u00e9lever la p\u00e2te pour empreintes de toutes sortes de r\u00e9cipients et pour doser tous les silicones du type A. D&rsquo;un volume de 5 ml chacune, correspondant au besoin de mat\u00e9riel pour la plupart des empreintes.<\/div>\n","protected":false},"excerpt":{"rendered":"<p>Pour pr\u00e9lever la p\u00e2te pour empreintes de toutes sortes de r\u00e9cipients et pour doser tous les silicones du type A. D&rsquo;un volume de 5 ml chacune, correspondant au besoin de mat\u00e9riel pour la plupart des empreintes.<\/p>\n","protected":false},"featured_media":7422,"template":"","meta":[],"product_brand":[],"product_cat":[467],"product_tag":[],"class_list":{"0":"post-10090","1":"product","2":"type-product","3":"status-publish","4":"has-post-thumbnail","6":"product_cat-atelier-empreintes","7":"tm-no-options","9":"first","10":"instock","11":"taxable","12":"shipping-taxable","13":"product-type-simple"},"_links":{"self":[{"href":"https:\/\/www.ocshop.ch\/fr\/wp-json\/wp\/v2\/product\/10090","targetHints":{"allow":["GET"]}}],"collection":[{"href":"https:\/\/www.ocshop.ch\/fr\/wp-json\/wp\/v2\/product"}],"about":[{"href":"https:\/\/www.ocshop.ch\/fr\/wp-json\/wp\/v2\/types\/product"}],"wp:featuredmedia":[{"embeddable":true,"href":"https:\/\/www.ocshop.ch\/fr\/wp-json\/wp\/v2\/media\/7422"}],"wp:attachment":[{"href":"https:\/\/www.ocshop.ch\/fr\/wp-json\/wp\/v2\/media?parent=10090"}],"wp:term":[{"taxonomy":"product_brand","embeddable":true,"href":"https:\/\/www.ocshop.ch\/fr\/wp-json\/wp\/v2\/product_brand?post=10090"},{"taxonomy":"product_cat","embeddable":true,"href":"https:\/\/www.ocshop.ch\/fr\/wp-json\/wp\/v2\/product_cat?post=10090"},{"taxonomy":"product_tag","embeddable":true,"href":"https:\/\/www.ocshop.ch\/fr\/wp-json\/wp\/v2\/product_tag?post=10090"}],"curies":[{"name":"wp","href":"https:\/\/api.w.org\/{rel}","templated":true}]}}