{"id":10089,"date":"2011-03-17T11:08:53","date_gmt":"2011-03-17T09:08:53","guid":{"rendered":"https:\/\/shoptest.ocshop.ch\/produkt\/egger-a-2-x-07-kg\/"},"modified":"2011-03-17T11:08:53","modified_gmt":"2011-03-17T09:08:53","slug":"egger-a-2-x-07-kg","status":"publish","type":"product","link":"https:\/\/www.ocshop.ch\/fr\/produkt\/egger-a-2-x-07-kg\/","title":{"rendered":"egger A (2 x 0,7 kg)"},"content":{"rendered":"<div class=\"short-description\">Silicone \u00e0 r\u00e9ticulation par addition pour prise d\u2019empreintes se caract\u00e9risant par une extr\u00eame r\u00e9sistance \u00e0 la decompression. D\u2019un rendu exact, d\u2019une grande r\u00e9sistance \u00e0 la traction et d\u2019une stabilit\u00e9 de forme \u00e9lev\u00e9e.<br \/>\nSuffisant pour env. 100 empreintes<\/div>\n<div class=\"additional-details\"><\/div>\n<div class=\"product-collateral\">\n<div class=\"product-specs-box\">\n<div class=\"specification-wrapper\"><span class=\"specification-name\">Duret\u00e9 finale :\u00a0<\/span><span class=\"specification-value\">36 shore<\/span><\/div>\n<div class=\"specification-wrapper\"><span class=\"specification-name\">Temp\u00e9rature de stockage :\u00a0<\/span><span class=\"specification-value\">15 &#8211; 25\u00b0C<\/span><\/div>\n<\/div>\n<\/div>\n","protected":false},"excerpt":{"rendered":"<p>Silicone \u00e0 r\u00e9ticulation par addition pour prise d\u2019empreintes se caract\u00e9risant par une extr\u00eame r\u00e9sistance \u00e0 la decompression. D\u2019un rendu exact, d\u2019une grande r\u00e9sistance \u00e0 la traction et d\u2019une stabilit\u00e9 de forme \u00e9lev\u00e9e. Suffisant pour env. 100 empreintes Duret\u00e9 finale :\u00a036 shore Temp\u00e9rature de stockage :\u00a015 &#8211; 25\u00b0C<\/p>\n","protected":false},"featured_media":9719,"template":"","meta":[],"product_brand":[],"product_cat":[467],"product_tag":[],"class_list":{"0":"post-10089","1":"product","2":"type-product","3":"status-publish","4":"has-post-thumbnail","6":"product_cat-atelier-empreintes","7":"tm-no-options","9":"first","10":"instock","11":"taxable","12":"shipping-taxable","13":"product-type-simple"},"_links":{"self":[{"href":"https:\/\/www.ocshop.ch\/fr\/wp-json\/wp\/v2\/product\/10089","targetHints":{"allow":["GET"]}}],"collection":[{"href":"https:\/\/www.ocshop.ch\/fr\/wp-json\/wp\/v2\/product"}],"about":[{"href":"https:\/\/www.ocshop.ch\/fr\/wp-json\/wp\/v2\/types\/product"}],"wp:featuredmedia":[{"embeddable":true,"href":"https:\/\/www.ocshop.ch\/fr\/wp-json\/wp\/v2\/media\/9719"}],"wp:attachment":[{"href":"https:\/\/www.ocshop.ch\/fr\/wp-json\/wp\/v2\/media?parent=10089"}],"wp:term":[{"taxonomy":"product_brand","embeddable":true,"href":"https:\/\/www.ocshop.ch\/fr\/wp-json\/wp\/v2\/product_brand?post=10089"},{"taxonomy":"product_cat","embeddable":true,"href":"https:\/\/www.ocshop.ch\/fr\/wp-json\/wp\/v2\/product_cat?post=10089"},{"taxonomy":"product_tag","embeddable":true,"href":"https:\/\/www.ocshop.ch\/fr\/wp-json\/wp\/v2\/product_tag?post=10089"}],"curies":[{"name":"wp","href":"https:\/\/api.w.org\/{rel}","templated":true}]}}