{"id":10088,"date":"2011-03-17T11:08:53","date_gmt":"2011-03-17T09:08:53","guid":{"rendered":"https:\/\/shoptest.ocshop.ch\/produkt\/egger-a-i-2-x-660-g\/"},"modified":"2011-03-17T11:08:53","modified_gmt":"2011-03-17T09:08:53","slug":"egger-a-i-2-x-660-g","status":"publish","type":"product","link":"https:\/\/www.ocshop.ch\/fr\/produkt\/egger-a-i-2-x-660-g\/","title":{"rendered":"egger A\/I (2 x 660 g)"},"content":{"rendered":"<div class=\"short-description\">Silicone \u00e0 r\u00e9ticulation par addition pour prise d&#8217;empreintes caract\u00e9ris\u00e9e d&rsquo;une consistance tr\u00e8s souple et d&rsquo;une flexibilit\u00e9 exceptionnelle appropri\u00e9e \u00e0 faire des empreintes extr\u00eamement d\u00e9taill\u00e9es et pr\u00e9cises. Couleurs des composants : blanc et vert.<br \/>\nSuffisant pour env. 100 empreintes<\/div>\n<div class=\"additional-details\"><\/div>\n<div class=\"product-collateral\">\n<div class=\"product-specs-box\">\n<div class=\"specification-wrapper\"><span class=\"specification-name\">Duret\u00e9 finale :\u00a0<\/span><span class=\"specification-value\">ca. 26 shore A<\/span><\/div>\n<div class=\"specification-wrapper\"><span class=\"specification-name\">Temp\u00e9rature de stockage :\u00a0<\/span><span class=\"specification-value\">15 &#8211; 25\u00b0C<\/span><\/div>\n<\/div>\n<\/div>\n","protected":false},"excerpt":{"rendered":"<p>Silicone \u00e0 r\u00e9ticulation par addition pour prise d&#8217;empreintes caract\u00e9ris\u00e9e d&rsquo;une consistance tr\u00e8s souple et d&rsquo;une flexibilit\u00e9 exceptionnelle appropri\u00e9e \u00e0 faire des empreintes extr\u00eamement d\u00e9taill\u00e9es et pr\u00e9cises. Couleurs des composants : blanc et vert. Suffisant pour env. 100 empreintes Duret\u00e9 finale :\u00a0ca. 26 shore A Temp\u00e9rature de stockage :\u00a015 &#8211; 25\u00b0C<\/p>\n","protected":false},"featured_media":9715,"template":"","meta":[],"product_brand":[],"product_cat":[467],"product_tag":[],"class_list":{"0":"post-10088","1":"product","2":"type-product","3":"status-publish","4":"has-post-thumbnail","6":"product_cat-atelier-empreintes","7":"tm-no-options","9":"first","10":"instock","11":"taxable","12":"shipping-taxable","13":"product-type-simple"},"_links":{"self":[{"href":"https:\/\/www.ocshop.ch\/fr\/wp-json\/wp\/v2\/product\/10088","targetHints":{"allow":["GET"]}}],"collection":[{"href":"https:\/\/www.ocshop.ch\/fr\/wp-json\/wp\/v2\/product"}],"about":[{"href":"https:\/\/www.ocshop.ch\/fr\/wp-json\/wp\/v2\/types\/product"}],"wp:featuredmedia":[{"embeddable":true,"href":"https:\/\/www.ocshop.ch\/fr\/wp-json\/wp\/v2\/media\/9715"}],"wp:attachment":[{"href":"https:\/\/www.ocshop.ch\/fr\/wp-json\/wp\/v2\/media?parent=10088"}],"wp:term":[{"taxonomy":"product_brand","embeddable":true,"href":"https:\/\/www.ocshop.ch\/fr\/wp-json\/wp\/v2\/product_brand?post=10088"},{"taxonomy":"product_cat","embeddable":true,"href":"https:\/\/www.ocshop.ch\/fr\/wp-json\/wp\/v2\/product_cat?post=10088"},{"taxonomy":"product_tag","embeddable":true,"href":"https:\/\/www.ocshop.ch\/fr\/wp-json\/wp\/v2\/product_tag?post=10088"}],"curies":[{"name":"wp","href":"https:\/\/api.w.org\/{rel}","templated":true}]}}