{"id":10087,"date":"2011-03-17T11:08:54","date_gmt":"2011-03-17T09:08:54","guid":{"rendered":"https:\/\/shoptest.ocshop.ch\/produkt\/egger-a-ii-07-kg-du-composant-a-et-b\/"},"modified":"2011-03-17T11:08:54","modified_gmt":"2011-03-17T09:08:54","slug":"egger-a-ii-07-kg-du-composant-a-et-b","status":"publish","type":"product","link":"https:\/\/www.ocshop.ch\/fr\/produkt\/egger-a-ii-07-kg-du-composant-a-et-b\/","title":{"rendered":"egger A\/II, 0,7 kg du composant A et B"},"content":{"rendered":"<div class=\"short-description\">Silicone \u00e0 r\u00e9ticulation par addition se caract\u00e9risant par une consistance souple, se met en place presque sans pression, d\u2019une qualit\u00e9 du rendu \u00e9lev\u00e9e ainsi que d\u2019une grande r\u00e9sistance \u00e0 la traction et stabilit\u00e9 de forme. Couleur des composants : blanc et rouge.<br \/>\nSuffisant pour env. 100 empreintes<\/div>\n<div class=\"additional-details\"><\/div>\n<div class=\"product-collateral\">\n<div class=\"product-specs-box\">\n<div class=\"specification-wrapper\"><span class=\"specification-name\">Duret\u00e9 finale :\u00a0<\/span><span class=\"specification-value\">40 shore<\/span><\/div>\n<div class=\"specification-wrapper\"><span class=\"specification-name\">Temp\u00e9rature de stockage :\u00a0<\/span><span class=\"specification-value\">15 &#8211; 25\u00b0C<\/span><\/div>\n<\/div>\n<\/div>\n","protected":false},"excerpt":{"rendered":"<p>Silicone \u00e0 r\u00e9ticulation par addition se caract\u00e9risant par une consistance souple, se met en place presque sans pression, d\u2019une qualit\u00e9 du rendu \u00e9lev\u00e9e ainsi que d\u2019une grande r\u00e9sistance \u00e0 la traction et stabilit\u00e9 de forme. Couleur des composants : blanc et rouge. Suffisant pour env. 100 empreintes Duret\u00e9 finale :\u00a040 shore Temp\u00e9rature de stockage :\u00a015 [&hellip;]<\/p>\n","protected":false},"featured_media":9712,"template":"","meta":[],"product_brand":[],"product_cat":[467],"product_tag":[],"class_list":{"0":"post-10087","1":"product","2":"type-product","3":"status-publish","4":"has-post-thumbnail","6":"product_cat-atelier-empreintes","7":"tm-no-options","9":"first","10":"instock","11":"taxable","12":"shipping-taxable","13":"product-type-simple"},"_links":{"self":[{"href":"https:\/\/www.ocshop.ch\/fr\/wp-json\/wp\/v2\/product\/10087","targetHints":{"allow":["GET"]}}],"collection":[{"href":"https:\/\/www.ocshop.ch\/fr\/wp-json\/wp\/v2\/product"}],"about":[{"href":"https:\/\/www.ocshop.ch\/fr\/wp-json\/wp\/v2\/types\/product"}],"wp:featuredmedia":[{"embeddable":true,"href":"https:\/\/www.ocshop.ch\/fr\/wp-json\/wp\/v2\/media\/9712"}],"wp:attachment":[{"href":"https:\/\/www.ocshop.ch\/fr\/wp-json\/wp\/v2\/media?parent=10087"}],"wp:term":[{"taxonomy":"product_brand","embeddable":true,"href":"https:\/\/www.ocshop.ch\/fr\/wp-json\/wp\/v2\/product_brand?post=10087"},{"taxonomy":"product_cat","embeddable":true,"href":"https:\/\/www.ocshop.ch\/fr\/wp-json\/wp\/v2\/product_cat?post=10087"},{"taxonomy":"product_tag","embeddable":true,"href":"https:\/\/www.ocshop.ch\/fr\/wp-json\/wp\/v2\/product_tag?post=10087"}],"curies":[{"name":"wp","href":"https:\/\/api.w.org\/{rel}","templated":true}]}}