{"id":10084,"date":"2011-03-17T11:08:55","date_gmt":"2011-03-17T09:08:55","guid":{"rendered":"https:\/\/shoptest.ocshop.ch\/produkt\/spatule-melangeuse\/"},"modified":"2011-03-17T11:08:55","modified_gmt":"2011-03-17T09:08:55","slug":"spatule-melangeuse","status":"publish","type":"product","link":"https:\/\/www.ocshop.ch\/fr\/produkt\/spatule-melangeuse\/","title":{"rendered":"Spatule m\u00e9langeuse"},"content":{"rendered":"<div class=\"short-description\">Spatule en m\u00e9tal, avec une poign\u00e9e de bois pour m\u00e9langer le mat\u00e9riel en silicone pour la prise d&#8217;empreinte.<\/div>\n","protected":false},"excerpt":{"rendered":"<p>Spatule en m\u00e9tal, avec une poign\u00e9e de bois pour m\u00e9langer le mat\u00e9riel en silicone pour la prise d&#8217;empreinte.<\/p>\n","protected":false},"featured_media":7442,"template":"","meta":[],"product_brand":[],"product_cat":[467],"product_tag":[],"class_list":{"0":"post-10084","1":"product","2":"type-product","3":"status-publish","4":"has-post-thumbnail","6":"product_cat-atelier-empreintes","7":"tm-no-options","9":"first","10":"instock","11":"taxable","12":"shipping-taxable","13":"product-type-simple"},"_links":{"self":[{"href":"https:\/\/www.ocshop.ch\/fr\/wp-json\/wp\/v2\/product\/10084","targetHints":{"allow":["GET"]}}],"collection":[{"href":"https:\/\/www.ocshop.ch\/fr\/wp-json\/wp\/v2\/product"}],"about":[{"href":"https:\/\/www.ocshop.ch\/fr\/wp-json\/wp\/v2\/types\/product"}],"wp:featuredmedia":[{"embeddable":true,"href":"https:\/\/www.ocshop.ch\/fr\/wp-json\/wp\/v2\/media\/7442"}],"wp:attachment":[{"href":"https:\/\/www.ocshop.ch\/fr\/wp-json\/wp\/v2\/media?parent=10084"}],"wp:term":[{"taxonomy":"product_brand","embeddable":true,"href":"https:\/\/www.ocshop.ch\/fr\/wp-json\/wp\/v2\/product_brand?post=10084"},{"taxonomy":"product_cat","embeddable":true,"href":"https:\/\/www.ocshop.ch\/fr\/wp-json\/wp\/v2\/product_cat?post=10084"},{"taxonomy":"product_tag","embeddable":true,"href":"https:\/\/www.ocshop.ch\/fr\/wp-json\/wp\/v2\/product_tag?post=10084"}],"curies":[{"name":"wp","href":"https:\/\/api.w.org\/{rel}","templated":true}]}}