{"id":10082,"date":"2011-03-17T11:08:57","date_gmt":"2011-03-17T09:08:57","guid":{"rendered":"https:\/\/shoptest.ocshop.ch\/produkt\/pointes-de-canule-50-pieces\/"},"modified":"2011-03-17T11:08:57","modified_gmt":"2011-03-17T09:08:57","slug":"pointes-de-canule-50-pieces","status":"publish","type":"product","link":"https:\/\/www.ocshop.ch\/fr\/produkt\/pointes-de-canule-50-pieces\/","title":{"rendered":"Pointes de canule, 50 pi\u00e8ces"},"content":{"rendered":"<p>Pointes pour embouts m\u00e9langeurs, appropri\u00e9es pour la prise d&#8217;empreinte des conduits auditifs tr\u00e8s \u00e9troits. \u00c0 utiliser avec un embout m\u00e9langeur standard DM ou avec un embout S 50, vert ou rose.<\/p>\n","protected":false},"excerpt":{"rendered":"<p>Pointes pour embouts m\u00e9langeurs, appropri\u00e9es pour la prise d&#8217;empreinte des conduits auditifs tr\u00e8s \u00e9troits. \u00c0 utiliser avec un embout m\u00e9langeur standard DM ou avec un embout S 50, vert ou rose.<\/p>\n","protected":false},"featured_media":7454,"template":"","meta":[],"product_brand":[],"product_cat":[467],"product_tag":[],"class_list":{"0":"post-10082","1":"product","2":"type-product","3":"status-publish","4":"has-post-thumbnail","6":"product_cat-atelier-empreintes","7":"tm-no-options","9":"first","10":"instock","11":"taxable","12":"shipping-taxable","13":"product-type-simple"},"_links":{"self":[{"href":"https:\/\/www.ocshop.ch\/fr\/wp-json\/wp\/v2\/product\/10082","targetHints":{"allow":["GET"]}}],"collection":[{"href":"https:\/\/www.ocshop.ch\/fr\/wp-json\/wp\/v2\/product"}],"about":[{"href":"https:\/\/www.ocshop.ch\/fr\/wp-json\/wp\/v2\/types\/product"}],"wp:featuredmedia":[{"embeddable":true,"href":"https:\/\/www.ocshop.ch\/fr\/wp-json\/wp\/v2\/media\/7454"}],"wp:attachment":[{"href":"https:\/\/www.ocshop.ch\/fr\/wp-json\/wp\/v2\/media?parent=10082"}],"wp:term":[{"taxonomy":"product_brand","embeddable":true,"href":"https:\/\/www.ocshop.ch\/fr\/wp-json\/wp\/v2\/product_brand?post=10082"},{"taxonomy":"product_cat","embeddable":true,"href":"https:\/\/www.ocshop.ch\/fr\/wp-json\/wp\/v2\/product_cat?post=10082"},{"taxonomy":"product_tag","embeddable":true,"href":"https:\/\/www.ocshop.ch\/fr\/wp-json\/wp\/v2\/product_tag?post=10082"}],"curies":[{"name":"wp","href":"https:\/\/api.w.org\/{rel}","templated":true}]}}