{"id":10081,"date":"2011-03-17T11:08:58","date_gmt":"2011-03-17T09:08:58","guid":{"rendered":"https:\/\/shoptest.ocshop.ch\/produkt\/canules-melangeuses-standard-50-pieces\/"},"modified":"2011-03-17T11:08:58","modified_gmt":"2011-03-17T09:08:58","slug":"canules-melangeuses-standard-50-pieces","status":"publish","type":"product","link":"https:\/\/www.ocshop.ch\/fr\/produkt\/canules-melangeuses-standard-50-pieces\/","title":{"rendered":"Canules m\u00e9langeuses, standard, 50 pi\u00e8ces"},"content":{"rendered":"<div class=\"product-name\">\n<p>Canules m\u00e9langeuses, standard<\/p>\n<\/div>\n<div class=\"product-variant-list\">\n<div class=\"egger-product-variant-line\" data-productid=\"1371\">\n<div class=\"variant-overview\">\n<p class=\"variant-description\">Pour les doubles cartouches DM ou pour tous les m\u00e9langeurs de silicone avec t\u00eate de dosage standard (par ex. ESG 1, DM). Embouts destin\u00e9s \u00e0 m\u00e9langer de fa\u00e7on efficace les mat\u00e9riaux silicones.<\/p>\n<p class=\"variant-name\">Embouts m\u00e9langeurs DM, 50 pi\u00e8ces<\/p>\n<div class=\"product-specs-box\">\n<p class=\"specification-wrapper\"><span class=\"specification-name\">Diam\u00e8tre :\u00a0<\/span><span class=\"specification-value\">6,75 mm<\/span><\/p>\n<p class=\"specification-wrapper\"><span class=\"specification-name\">Quantit\u00e9 :\u00a0<\/span><span class=\"specification-value\">50 pi\u00e8ces<\/span><\/p>\n<\/div>\n<\/div>\n<\/div>\n<\/div>\n","protected":false},"excerpt":{"rendered":"<p>Canules m\u00e9langeuses, standard Pour les doubles cartouches DM ou pour tous les m\u00e9langeurs de silicone avec t\u00eate de dosage standard (par ex. ESG 1, DM). Embouts destin\u00e9s \u00e0 m\u00e9langer de fa\u00e7on efficace les mat\u00e9riaux silicones. Embouts m\u00e9langeurs DM, 50 pi\u00e8ces Diam\u00e8tre :\u00a06,75 mm Quantit\u00e9 :\u00a050 pi\u00e8ces<\/p>\n","protected":false},"featured_media":7750,"template":"","meta":[],"product_brand":[],"product_cat":[467],"product_tag":[],"class_list":{"0":"post-10081","1":"product","2":"type-product","3":"status-publish","4":"has-post-thumbnail","6":"product_cat-atelier-empreintes","7":"tm-no-options","9":"first","10":"instock","11":"taxable","12":"shipping-taxable","13":"product-type-simple"},"_links":{"self":[{"href":"https:\/\/www.ocshop.ch\/fr\/wp-json\/wp\/v2\/product\/10081","targetHints":{"allow":["GET"]}}],"collection":[{"href":"https:\/\/www.ocshop.ch\/fr\/wp-json\/wp\/v2\/product"}],"about":[{"href":"https:\/\/www.ocshop.ch\/fr\/wp-json\/wp\/v2\/types\/product"}],"wp:featuredmedia":[{"embeddable":true,"href":"https:\/\/www.ocshop.ch\/fr\/wp-json\/wp\/v2\/media\/7750"}],"wp:attachment":[{"href":"https:\/\/www.ocshop.ch\/fr\/wp-json\/wp\/v2\/media?parent=10081"}],"wp:term":[{"taxonomy":"product_brand","embeddable":true,"href":"https:\/\/www.ocshop.ch\/fr\/wp-json\/wp\/v2\/product_brand?post=10081"},{"taxonomy":"product_cat","embeddable":true,"href":"https:\/\/www.ocshop.ch\/fr\/wp-json\/wp\/v2\/product_cat?post=10081"},{"taxonomy":"product_tag","embeddable":true,"href":"https:\/\/www.ocshop.ch\/fr\/wp-json\/wp\/v2\/product_tag?post=10081"}],"curies":[{"name":"wp","href":"https:\/\/api.w.org\/{rel}","templated":true}]}}