{"id":10080,"date":"2011-03-17T11:08:59","date_gmt":"2011-03-17T09:08:59","guid":{"rendered":"https:\/\/shoptest.ocshop.ch\/produkt\/embouts-melangeurs-slim-dm-50-pieces\/"},"modified":"2011-03-17T11:08:59","modified_gmt":"2011-03-17T09:08:59","slug":"embouts-melangeurs-slim-dm-50-pieces","status":"publish","type":"product","link":"https:\/\/www.ocshop.ch\/fr\/produkt\/embouts-melangeurs-slim-dm-50-pieces\/","title":{"rendered":"Embouts m\u00e9langeurs \u201eSLIM\u201c DM, 50 pi\u00e8ces"},"content":{"rendered":"<div class=\"short-description\">Embout m\u00e9langeur de petit diam\u00e8tre (5,7 mm) avec une pointe arrondie pour DM. Convient parfaitement \u00e0 la prise d&#8217;empreinte de petits et minces conduits auditifs (par ex. pour les enfants). Plus besoin d&#8217;embouts suppl\u00e9mentaires. La consommation de mat\u00e9riau est r\u00e9duite de 50 %. Peut \u00e9galement \u00eatre utilis\u00e9 pour l&rsquo;application de vulcanisats de silicone \u00e0 froid dans des moules n\u00e9gatifs lors de la m\u00e9thode indirecte.<\/div>\n<div class=\"additional-details\"><\/div>\n<div class=\"product-collateral\">\n<div class=\"product-specs-box\">\n<div class=\"specification-wrapper\"><span class=\"specification-name\">Diam\u00e8tre ext\u00e9rieur :\u00a0<\/span><span class=\"specification-value\">5,7 mm<\/span><\/div>\n<div class=\"specification-wrapper\"><span class=\"specification-name\">Diam\u00e8tre int\u00e9rieur :\u00a0<\/span><span class=\"specification-value\">2,0 mm<\/span><\/div>\n<div class=\"specification-wrapper\"><span class=\"specification-name\">Longueur :\u00a0<\/span><span class=\"specification-value\">66 mm<\/span><\/div>\n<div class=\"specification-wrapper\"><span class=\"specification-name\">image\u00a0<\/span><span class=\"specification-value\">similaire<\/span><\/div>\n<\/div>\n<\/div>\n","protected":false},"excerpt":{"rendered":"<p>Embout m\u00e9langeur de petit diam\u00e8tre (5,7 mm) avec une pointe arrondie pour DM. Convient parfaitement \u00e0 la prise d&#8217;empreinte de petits et minces conduits auditifs (par ex. pour les enfants). Plus besoin d&#8217;embouts suppl\u00e9mentaires. La consommation de mat\u00e9riau est r\u00e9duite de 50 %. Peut \u00e9galement \u00eatre utilis\u00e9 pour l&rsquo;application de vulcanisats de silicone \u00e0 froid [&hellip;]<\/p>\n","protected":false},"featured_media":7768,"template":"","meta":[],"product_brand":[],"product_cat":[467],"product_tag":[],"class_list":{"0":"post-10080","1":"product","2":"type-product","3":"status-publish","4":"has-post-thumbnail","6":"product_cat-atelier-empreintes","7":"tm-no-options","9":"first","10":"instock","11":"taxable","12":"shipping-taxable","13":"product-type-simple"},"_links":{"self":[{"href":"https:\/\/www.ocshop.ch\/fr\/wp-json\/wp\/v2\/product\/10080","targetHints":{"allow":["GET"]}}],"collection":[{"href":"https:\/\/www.ocshop.ch\/fr\/wp-json\/wp\/v2\/product"}],"about":[{"href":"https:\/\/www.ocshop.ch\/fr\/wp-json\/wp\/v2\/types\/product"}],"wp:featuredmedia":[{"embeddable":true,"href":"https:\/\/www.ocshop.ch\/fr\/wp-json\/wp\/v2\/media\/7768"}],"wp:attachment":[{"href":"https:\/\/www.ocshop.ch\/fr\/wp-json\/wp\/v2\/media?parent=10080"}],"wp:term":[{"taxonomy":"product_brand","embeddable":true,"href":"https:\/\/www.ocshop.ch\/fr\/wp-json\/wp\/v2\/product_brand?post=10080"},{"taxonomy":"product_cat","embeddable":true,"href":"https:\/\/www.ocshop.ch\/fr\/wp-json\/wp\/v2\/product_cat?post=10080"},{"taxonomy":"product_tag","embeddable":true,"href":"https:\/\/www.ocshop.ch\/fr\/wp-json\/wp\/v2\/product_tag?post=10080"}],"curies":[{"name":"wp","href":"https:\/\/api.w.org\/{rel}","templated":true}]}}