{"id":10076,"date":"2011-03-17T11:09:02","date_gmt":"2011-03-17T09:09:02","guid":{"rendered":"https:\/\/shoptest.ocshop.ch\/produkt\/egger-a-soft-s-50-8-doubles-cartouches\/"},"modified":"2011-03-17T11:09:02","modified_gmt":"2011-03-17T09:09:02","slug":"egger-a-soft-s-50-8-doubles-cartouches","status":"publish","type":"product","link":"https:\/\/www.ocshop.ch\/fr\/produkt\/egger-a-soft-s-50-8-doubles-cartouches\/","title":{"rendered":"egger A\/soft S 50 (8 doubles cartouches)"},"content":{"rendered":"<div class=\"short-description\">Silicone pour prise d&#8217;empreinte dans des doubles cartouches S 50. Mat\u00e9riau avec une fluidit\u00e9 particuli\u00e8rement \u00e9lev\u00e9e et une grande stabilit\u00e9 apr\u00e8s la prise d&#8217;empreinte, non collant et souple. Couleur des composants individuels : blanc et bleu.<\/p>\n<p>Unit\u00e9 de vente :<br \/>\n8 doubles cartouches de 2 x 25 ml chacune<br \/>\nCapacit\u00e9 pour environ 40 empreintes<\/p><\/div>\n<div class=\"additional-details\"><\/div>\n<div class=\"product-collateral\">\n<div class=\"product-specs-box\">\n<div class=\"specification-wrapper\"><span class=\"specification-name\">Viscosit\u00e9 :\u00a0<\/span><span class=\"specification-value\">50.000 mPa.s<\/span><\/div>\n<div class=\"specification-wrapper\"><span class=\"specification-name\">Duret\u00e9 finale :\u00a0<\/span><span class=\"specification-value\">35 shore A<\/span><\/div>\n<div class=\"specification-wrapper\"><span class=\"specification-name\">Temp\u00e9rature de stockage :\u00a0<\/span><span class=\"specification-value\">15 &#8211; 25\u00b0C<\/span><\/div>\n<\/div>\n<\/div>\n","protected":false},"excerpt":{"rendered":"<p>Silicone pour prise d&#8217;empreinte dans des doubles cartouches S 50. Mat\u00e9riau avec une fluidit\u00e9 particuli\u00e8rement \u00e9lev\u00e9e et une grande stabilit\u00e9 apr\u00e8s la prise d&#8217;empreinte, non collant et souple. Couleur des composants individuels : blanc et bleu. Unit\u00e9 de vente : 8 doubles cartouches de 2 x 25 ml chacune Capacit\u00e9 pour environ 40 empreintes Viscosit\u00e9 [&hellip;]<\/p>\n","protected":false},"featured_media":7470,"template":"","meta":[],"product_brand":[],"product_cat":[467],"product_tag":[],"class_list":{"0":"post-10076","1":"product","2":"type-product","3":"status-publish","4":"has-post-thumbnail","6":"product_cat-atelier-empreintes","7":"tm-no-options","9":"first","10":"instock","11":"taxable","12":"shipping-taxable","13":"product-type-simple"},"_links":{"self":[{"href":"https:\/\/www.ocshop.ch\/fr\/wp-json\/wp\/v2\/product\/10076","targetHints":{"allow":["GET"]}}],"collection":[{"href":"https:\/\/www.ocshop.ch\/fr\/wp-json\/wp\/v2\/product"}],"about":[{"href":"https:\/\/www.ocshop.ch\/fr\/wp-json\/wp\/v2\/types\/product"}],"wp:featuredmedia":[{"embeddable":true,"href":"https:\/\/www.ocshop.ch\/fr\/wp-json\/wp\/v2\/media\/7470"}],"wp:attachment":[{"href":"https:\/\/www.ocshop.ch\/fr\/wp-json\/wp\/v2\/media?parent=10076"}],"wp:term":[{"taxonomy":"product_brand","embeddable":true,"href":"https:\/\/www.ocshop.ch\/fr\/wp-json\/wp\/v2\/product_brand?post=10076"},{"taxonomy":"product_cat","embeddable":true,"href":"https:\/\/www.ocshop.ch\/fr\/wp-json\/wp\/v2\/product_cat?post=10076"},{"taxonomy":"product_tag","embeddable":true,"href":"https:\/\/www.ocshop.ch\/fr\/wp-json\/wp\/v2\/product_tag?post=10076"}],"curies":[{"name":"wp","href":"https:\/\/api.w.org\/{rel}","templated":true}]}}