{"id":10075,"date":"2011-03-17T11:09:03","date_gmt":"2011-03-17T09:09:03","guid":{"rendered":"https:\/\/shoptest.ocshop.ch\/produkt\/pistolet-injecteur-s-ii-50\/"},"modified":"2011-03-17T11:09:03","modified_gmt":"2011-03-17T09:09:03","slug":"pistolet-injecteur-s-ii-50","status":"publish","type":"product","link":"https:\/\/www.ocshop.ch\/fr\/produkt\/pistolet-injecteur-s-ii-50\/","title":{"rendered":"Pistolet injecteur S\/II 50"},"content":{"rendered":"<div class=\"short-description\">Le design \u00e9l\u00e9gant et innovant caract\u00e9rise ce pistolet injecteur pour doubles cartouches S 50. Ce pistolet injecteur est destin\u00e9 \u00e0 l&rsquo;utilisation des mat\u00e9riaux egger A\/soft, egger A\/ITE, egger A\/II, egger A\/rapidPRO, egger A\/rapidSWITCH et autres. Le pistolet injecteur S\/II 50 s&rsquo;utlilise de mani\u00e8re intuitive, utilisation pr\u00e9cise, simple et sans effort dans la pratique au quotidien.<\/div>\n","protected":false},"excerpt":{"rendered":"<p>Le design \u00e9l\u00e9gant et innovant caract\u00e9rise ce pistolet injecteur pour doubles cartouches S 50. Ce pistolet injecteur est destin\u00e9 \u00e0 l&rsquo;utilisation des mat\u00e9riaux egger A\/soft, egger A\/ITE, egger A\/II, egger A\/rapidPRO, egger A\/rapidSWITCH et autres. Le pistolet injecteur S\/II 50 s&rsquo;utlilise de mani\u00e8re intuitive, utilisation pr\u00e9cise, simple et sans effort dans la pratique au quotidien.<\/p>\n","protected":false},"featured_media":7474,"template":"","meta":[],"product_brand":[],"product_cat":[467],"product_tag":[],"class_list":{"0":"post-10075","1":"product","2":"type-product","3":"status-publish","4":"has-post-thumbnail","6":"product_cat-atelier-empreintes","7":"tm-no-options","9":"first","10":"instock","11":"taxable","12":"shipping-taxable","13":"product-type-simple"},"_links":{"self":[{"href":"https:\/\/www.ocshop.ch\/fr\/wp-json\/wp\/v2\/product\/10075","targetHints":{"allow":["GET"]}}],"collection":[{"href":"https:\/\/www.ocshop.ch\/fr\/wp-json\/wp\/v2\/product"}],"about":[{"href":"https:\/\/www.ocshop.ch\/fr\/wp-json\/wp\/v2\/types\/product"}],"wp:featuredmedia":[{"embeddable":true,"href":"https:\/\/www.ocshop.ch\/fr\/wp-json\/wp\/v2\/media\/7474"}],"wp:attachment":[{"href":"https:\/\/www.ocshop.ch\/fr\/wp-json\/wp\/v2\/media?parent=10075"}],"wp:term":[{"taxonomy":"product_brand","embeddable":true,"href":"https:\/\/www.ocshop.ch\/fr\/wp-json\/wp\/v2\/product_brand?post=10075"},{"taxonomy":"product_cat","embeddable":true,"href":"https:\/\/www.ocshop.ch\/fr\/wp-json\/wp\/v2\/product_cat?post=10075"},{"taxonomy":"product_tag","embeddable":true,"href":"https:\/\/www.ocshop.ch\/fr\/wp-json\/wp\/v2\/product_tag?post=10075"}],"curies":[{"name":"wp","href":"https:\/\/api.w.org\/{rel}","templated":true}]}}