{"id":10074,"date":"2011-03-17T11:09:32","date_gmt":"2011-03-17T09:09:32","guid":{"rendered":"https:\/\/shoptest.ocshop.ch\/produkt\/set-de-forets-pour-embouts-en-matiere-dure\/"},"modified":"2011-03-17T11:09:32","modified_gmt":"2011-03-17T09:09:32","slug":"set-de-forets-pour-embouts-en-matiere-dure","status":"publish","type":"product","link":"https:\/\/www.ocshop.ch\/fr\/produkt\/set-de-forets-pour-embouts-en-matiere-dure\/","title":{"rendered":"Set de forets pour embouts en mati\u00e8re dure"},"content":{"rendered":"<p>Set de forets pour embouts en mati\u00e8re dure (acrylique), convient \u00e9galement pour les polym\u00e8res \u00e0 chaud souples.<br \/>\nUn fort avantage de prix par rapport \u00e0 l&rsquo;achat \u00e0 l&rsquo;unit\u00e9 !<\/p>\n<p>Contenu :<br \/>\n1x R\u00e9f. 72900 : Fraise HM, 4,0 mm (10229-0001)<br \/>\n1x R\u00e9f. 72800 : Fraise HM, 6,0 mm (10229-0002)<br \/>\n1x R\u00e9f. 76501 : Fraise HM, 5,0 mm (10229-0007)<br \/>\n1x R\u00e9f. 76502 : Fraise HM, 8,0 mm (10229-0003)<br \/>\n1x R\u00e9f. 76600 : Foret h\u00e9lico\u00efdal, cylindrique, 0,8 mm (10352-0002)<br \/>\n1x R\u00e9f. 72300 : Foret h\u00e9lico\u00efdal, cylindrique, 1,0 mm (10352-0003)<br \/>\n1x R\u00e9f. 72400 : Foret h\u00e9lico\u00efdal, cylindrique, 1,4 mm (10352-0005)<br \/>\n1x R\u00e9f. 76700 : Foret h\u00e9lico\u00efdal, cylindrique, 2,0 mm (10352-0008)<br \/>\n1x R\u00e9f. 77000 : Foret h\u00e9lico\u00efdal, cylindrique, 2,5 mm (10352-0009)<br \/>\n1x R\u00e9f. 70200 : Fraise rose, 2,5 mm (10321-0008)<br \/>\n1x R\u00e9f. 70300 : Fraise rose, 2,9 mm (10321-0009)<\/p>\n<p>1x R\u00e9f. 73100 : Support de papier de verre, court (10322-0002)<\/p>\n<p>&nbsp;<\/p>\n<p>Veuillez respecter la vitesse de rotation maximale de chaque outil!<\/p>\n","protected":false},"excerpt":{"rendered":"<p>Set de forets pour embouts en mati\u00e8re dure (acrylique), convient \u00e9galement pour les polym\u00e8res \u00e0 chaud souples. Un fort avantage de prix par rapport \u00e0 l&rsquo;achat \u00e0 l&rsquo;unit\u00e9 ! Contenu : 1x R\u00e9f. 72900 : Fraise HM, 4,0 mm (10229-0001) 1x R\u00e9f. 72800 : Fraise HM, 6,0 mm (10229-0002) 1x R\u00e9f. 76501 : Fraise HM, [&hellip;]<\/p>\n","protected":false},"featured_media":7486,"template":"","meta":[],"product_brand":[],"product_cat":[467],"product_tag":[],"class_list":{"0":"post-10074","1":"product","2":"type-product","3":"status-publish","4":"has-post-thumbnail","6":"product_cat-atelier-empreintes","7":"tm-no-options","9":"first","10":"instock","11":"taxable","12":"shipping-taxable","13":"product-type-simple"},"_links":{"self":[{"href":"https:\/\/www.ocshop.ch\/fr\/wp-json\/wp\/v2\/product\/10074","targetHints":{"allow":["GET"]}}],"collection":[{"href":"https:\/\/www.ocshop.ch\/fr\/wp-json\/wp\/v2\/product"}],"about":[{"href":"https:\/\/www.ocshop.ch\/fr\/wp-json\/wp\/v2\/types\/product"}],"wp:featuredmedia":[{"embeddable":true,"href":"https:\/\/www.ocshop.ch\/fr\/wp-json\/wp\/v2\/media\/7486"}],"wp:attachment":[{"href":"https:\/\/www.ocshop.ch\/fr\/wp-json\/wp\/v2\/media?parent=10074"}],"wp:term":[{"taxonomy":"product_brand","embeddable":true,"href":"https:\/\/www.ocshop.ch\/fr\/wp-json\/wp\/v2\/product_brand?post=10074"},{"taxonomy":"product_cat","embeddable":true,"href":"https:\/\/www.ocshop.ch\/fr\/wp-json\/wp\/v2\/product_cat?post=10074"},{"taxonomy":"product_tag","embeddable":true,"href":"https:\/\/www.ocshop.ch\/fr\/wp-json\/wp\/v2\/product_tag?post=10074"}],"curies":[{"name":"wp","href":"https:\/\/api.w.org\/{rel}","templated":true}]}}