{"id":10073,"date":"2011-03-17T11:09:33","date_gmt":"2011-03-17T09:09:33","guid":{"rendered":"https:\/\/shoptest.ocshop.ch\/produkt\/set-de-forets-pour-embouts-en-matiere-souple\/"},"modified":"2011-03-17T11:09:33","modified_gmt":"2011-03-17T09:09:33","slug":"set-de-forets-pour-embouts-en-matiere-souple","status":"publish","type":"product","link":"https:\/\/www.ocshop.ch\/fr\/produkt\/set-de-forets-pour-embouts-en-matiere-souple\/","title":{"rendered":"Set de forets pour embouts en mati\u00e8re souple"},"content":{"rendered":"<p>Set de forets pour embouts en mati\u00e8re souple (silicone).<br \/>\nUn fort avantage de prix par rapport \u00e0 l&rsquo;achat \u00e0 l&rsquo;unit\u00e9 !<\/p>\n<p>Contenu :<\/p>\n<div class=\"flex flex-grow flex-col max-w-full\">\n<div class=\"min-h-[20px] text-message flex w-full flex-col items-end gap-2 whitespace-pre-wrap break-words [.text-message+&amp;]:mt-5 overflow-x-auto\" dir=\"auto\" data-message-author-role=\"assistant\" data-message-id=\"65aeca4b-c295-4a23-b36e-a40037797a31\">\n<div class=\"flex w-full flex-col gap-1 empty:hidden first:pt-[3px]\">\n<div class=\"markdown prose w-full break-words dark:prose-invert light\">\n<ul>\n<li>1x R\u00e9f. 77200 : Pierre \u00e9ponge, poire (10333-0000)<\/li>\n<li>1x R\u00e9f. 76300 : Fraise EF, pointue, 4,0 mm (10157-0000)<\/li>\n<li>1x R\u00e9f. 76100 : Fraise EF, boule, 5,0 mm (10156-0001)<\/li>\n<li>1x R\u00e9f. 71400 : Fraise EF, boule, 7,0 mm (10156-0003)<\/li>\n<li>1x R\u00e9f. 71200 : Fraise EF, fraise rose, 1,4 mm (10321-0004)<\/li>\n<li>1x R\u00e9f. 72200 : Fraise EF, fraise rose, 2,9 mm (10321-0009)<\/li>\n<li>1x R\u00e9f. 76600 : Foret h\u00e9lico\u00efdal, cylindrique, 0,8 mm (10352-0002)<\/li>\n<li>1x R\u00e9f. 72300 : Foret h\u00e9lico\u00efdal, cylindrique, 1,0 mm (10352-0003)<\/li>\n<li>1x R\u00e9f. 72400 : Foret h\u00e9lico\u00efdal, cylindrique, 1,4 mm (10352-0005)<\/li>\n<li>1x R\u00e9f. 76700 : Foret h\u00e9lico\u00efdal, cylindrique, 2,0 mm (10352-0008)<\/li>\n<li>1x R\u00e9f. 77000 : Foret h\u00e9lico\u00efdal, cylindrique, 2,5 mm (10352-0009)<\/li>\n<li>1x R\u00e9f. 73100 : Support de papier de verre, court (10322-0002)<\/li>\n<\/ul>\n<p>Veuillez respecter la vitesse de rotation maximale de chaque outil!<\/p>\n<\/div>\n<\/div>\n<\/div>\n<\/div>\n","protected":false},"excerpt":{"rendered":"<p>Set de forets pour embouts en mati\u00e8re souple (silicone). Un fort avantage de prix par rapport \u00e0 l&rsquo;achat \u00e0 l&rsquo;unit\u00e9 ! Contenu : 1x R\u00e9f. 77200 : Pierre \u00e9ponge, poire (10333-0000) 1x R\u00e9f. 76300 : Fraise EF, pointue, 4,0 mm (10157-0000) 1x R\u00e9f. 76100 : Fraise EF, boule, 5,0 mm (10156-0001) 1x R\u00e9f. 71400 : [&hellip;]<\/p>\n","protected":false},"featured_media":7490,"template":"","meta":[],"product_brand":[],"product_cat":[467],"product_tag":[],"class_list":{"0":"post-10073","1":"product","2":"type-product","3":"status-publish","4":"has-post-thumbnail","6":"product_cat-atelier-empreintes","7":"tm-no-options","9":"first","10":"instock","11":"taxable","12":"shipping-taxable","13":"product-type-simple"},"_links":{"self":[{"href":"https:\/\/www.ocshop.ch\/fr\/wp-json\/wp\/v2\/product\/10073","targetHints":{"allow":["GET"]}}],"collection":[{"href":"https:\/\/www.ocshop.ch\/fr\/wp-json\/wp\/v2\/product"}],"about":[{"href":"https:\/\/www.ocshop.ch\/fr\/wp-json\/wp\/v2\/types\/product"}],"wp:featuredmedia":[{"embeddable":true,"href":"https:\/\/www.ocshop.ch\/fr\/wp-json\/wp\/v2\/media\/7490"}],"wp:attachment":[{"href":"https:\/\/www.ocshop.ch\/fr\/wp-json\/wp\/v2\/media?parent=10073"}],"wp:term":[{"taxonomy":"product_brand","embeddable":true,"href":"https:\/\/www.ocshop.ch\/fr\/wp-json\/wp\/v2\/product_brand?post=10073"},{"taxonomy":"product_cat","embeddable":true,"href":"https:\/\/www.ocshop.ch\/fr\/wp-json\/wp\/v2\/product_cat?post=10073"},{"taxonomy":"product_tag","embeddable":true,"href":"https:\/\/www.ocshop.ch\/fr\/wp-json\/wp\/v2\/product_tag?post=10073"}],"curies":[{"name":"wp","href":"https:\/\/api.w.org\/{rel}","templated":true}]}}