{"id":10068,"date":"2011-03-17T11:09:41","date_gmt":"2011-03-17T09:09:41","guid":{"rendered":"https:\/\/shoptest.ocshop.ch\/produkt\/support-pour-fraises-et-forets-avec-couvercle-rabattable\/"},"modified":"2011-03-17T11:09:41","modified_gmt":"2011-03-17T09:09:41","slug":"support-pour-fraises-et-forets-avec-couvercle-rabattable","status":"publish","type":"product","link":"https:\/\/www.ocshop.ch\/fr\/produkt\/support-pour-fraises-et-forets-avec-couvercle-rabattable\/","title":{"rendered":"Support pour fraises et forets avec couvercle rabattable"},"content":{"rendered":"<div class=\"short-description\">Rangement pratique pour jusqu&rsquo;\u00e0 23 fraises et forets. Convient \u00e9galement parfaitement au transport gr\u00e2ce \u00e0 son couvercle rabattable.<\/div>\n<div class=\"additional-details\"><\/div>\n<div class=\"product-collateral\">\n<div class=\"product-specs-box\">\n<div class=\"specification-wrapper\"><span class=\"specification-name\">Dimensions :\u00a0<\/span><span class=\"specification-value\">100 x 40 x 68 mm<\/span><\/div>\n<\/div>\n<\/div>\n","protected":false},"excerpt":{"rendered":"<p>Rangement pratique pour jusqu&rsquo;\u00e0 23 fraises et forets. Convient \u00e9galement parfaitement au transport gr\u00e2ce \u00e0 son couvercle rabattable. Dimensions :\u00a0100 x 40 x 68 mm<\/p>\n","protected":false},"featured_media":7292,"template":"","meta":[],"product_brand":[],"product_cat":[467],"product_tag":[],"class_list":{"0":"post-10068","1":"product","2":"type-product","3":"status-publish","4":"has-post-thumbnail","6":"product_cat-atelier-empreintes","7":"tm-no-options","9":"first","10":"instock","11":"taxable","12":"shipping-taxable","13":"product-type-simple"},"_links":{"self":[{"href":"https:\/\/www.ocshop.ch\/fr\/wp-json\/wp\/v2\/product\/10068","targetHints":{"allow":["GET"]}}],"collection":[{"href":"https:\/\/www.ocshop.ch\/fr\/wp-json\/wp\/v2\/product"}],"about":[{"href":"https:\/\/www.ocshop.ch\/fr\/wp-json\/wp\/v2\/types\/product"}],"wp:featuredmedia":[{"embeddable":true,"href":"https:\/\/www.ocshop.ch\/fr\/wp-json\/wp\/v2\/media\/7292"}],"wp:attachment":[{"href":"https:\/\/www.ocshop.ch\/fr\/wp-json\/wp\/v2\/media?parent=10068"}],"wp:term":[{"taxonomy":"product_brand","embeddable":true,"href":"https:\/\/www.ocshop.ch\/fr\/wp-json\/wp\/v2\/product_brand?post=10068"},{"taxonomy":"product_cat","embeddable":true,"href":"https:\/\/www.ocshop.ch\/fr\/wp-json\/wp\/v2\/product_cat?post=10068"},{"taxonomy":"product_tag","embeddable":true,"href":"https:\/\/www.ocshop.ch\/fr\/wp-json\/wp\/v2\/product_tag?post=10068"}],"curies":[{"name":"wp","href":"https:\/\/api.w.org\/{rel}","templated":true}]}}