{"id":10067,"date":"2011-03-17T11:09:46","date_gmt":"2011-03-17T09:09:46","guid":{"rendered":"https:\/\/shoptest.ocshop.ch\/produkt\/distributeur-mural-pour-speculums-a-usage-unique\/"},"modified":"2011-03-17T11:09:46","modified_gmt":"2011-03-17T09:09:46","slug":"distributeur-mural-pour-speculums-a-usage-unique","status":"publish","type":"product","link":"https:\/\/www.ocshop.ch\/fr\/produkt\/distributeur-mural-pour-speculums-a-usage-unique\/","title":{"rendered":"Distributeur mural pour sp\u00e9culums \u00e0 usage unique"},"content":{"rendered":"<div class=\"product-name\">\n<p>Distributeur mural pour sp\u00e9culums \u00e0 usage unique, livr\u00e9 avec 45 pi\u00e8ces \u00d8 2,5 mm et 45 pi\u00e8ces \u00d8 4,0 mm<\/p>\n<\/div>\n<p class=\"short-description\">Pour chaque client un nouvel sp\u00e9culum. La bonne taille, visible et simple \u00e0 extraire. Contenance totale du distributeur : 180 pi\u00e8ces (4 rang\u00e9es de 45 pi\u00e8ces).<\/p>\n<p class=\"additional-details\">\n<div class=\"product-collateral\">\n<div class=\"product-specs-box\">\n<p class=\"specification-wrapper\"><span class=\"specification-name\">\u00c9paisseur :\u00a0<\/span><span class=\"specification-value\">4 cm<\/span><\/p>\n<p class=\"specification-wrapper\"><span class=\"specification-name\">Largeur :\u00a0<\/span><span class=\"specification-value\">14 cm<\/span><\/p>\n<p class=\"specification-wrapper\"><span class=\"specification-name\">Hauteur :\u00a0<\/span><span class=\"specification-value\">20 cm<\/span><\/p>\n<\/div>\n<\/div>\n","protected":false},"excerpt":{"rendered":"<p>Distributeur mural pour sp\u00e9culums \u00e0 usage unique, livr\u00e9 avec 45 pi\u00e8ces \u00d8 2,5 mm et 45 pi\u00e8ces \u00d8 4,0 mm Pour chaque client un nouvel sp\u00e9culum. La bonne taille, visible et simple \u00e0 extraire. Contenance totale du distributeur : 180 pi\u00e8ces (4 rang\u00e9es de 45 pi\u00e8ces). \u00c9paisseur :\u00a04 cm Largeur :\u00a014 cm Hauteur :\u00a020 cm<\/p>\n","protected":false},"featured_media":7296,"template":"","meta":[],"product_brand":[],"product_cat":[467],"product_tag":[],"class_list":{"0":"post-10067","1":"product","2":"type-product","3":"status-publish","4":"has-post-thumbnail","6":"product_cat-atelier-empreintes","7":"tm-no-options","9":"first","10":"instock","11":"taxable","12":"shipping-taxable","13":"product-type-simple"},"_links":{"self":[{"href":"https:\/\/www.ocshop.ch\/fr\/wp-json\/wp\/v2\/product\/10067","targetHints":{"allow":["GET"]}}],"collection":[{"href":"https:\/\/www.ocshop.ch\/fr\/wp-json\/wp\/v2\/product"}],"about":[{"href":"https:\/\/www.ocshop.ch\/fr\/wp-json\/wp\/v2\/types\/product"}],"wp:featuredmedia":[{"embeddable":true,"href":"https:\/\/www.ocshop.ch\/fr\/wp-json\/wp\/v2\/media\/7296"}],"wp:attachment":[{"href":"https:\/\/www.ocshop.ch\/fr\/wp-json\/wp\/v2\/media?parent=10067"}],"wp:term":[{"taxonomy":"product_brand","embeddable":true,"href":"https:\/\/www.ocshop.ch\/fr\/wp-json\/wp\/v2\/product_brand?post=10067"},{"taxonomy":"product_cat","embeddable":true,"href":"https:\/\/www.ocshop.ch\/fr\/wp-json\/wp\/v2\/product_cat?post=10067"},{"taxonomy":"product_tag","embeddable":true,"href":"https:\/\/www.ocshop.ch\/fr\/wp-json\/wp\/v2\/product_tag?post=10067"}],"curies":[{"name":"wp","href":"https:\/\/api.w.org\/{rel}","templated":true}]}}