{"id":10066,"date":"2011-03-17T11:09:56","date_gmt":"2011-03-17T09:09:56","guid":{"rendered":"https:\/\/shoptest.ocshop.ch\/produkt\/cedis-kit-eset5-dhygiene-et-de-sechage-pour-contours-doreille-bte\/"},"modified":"2011-03-17T11:09:56","modified_gmt":"2011-03-17T09:09:56","slug":"cedis-kit-eset5-dhygiene-et-de-sechage-pour-contours-doreille-bte","status":"publish","type":"product","link":"https:\/\/www.ocshop.ch\/fr\/produkt\/cedis-kit-eset5-dhygiene-et-de-sechage-pour-contours-doreille-bte\/","title":{"rendered":"cedis Kit eSET5 d&rsquo;hygi\u00e8ne et de s\u00e9chage pour contours d&rsquo;oreille\/BTE"},"content":{"rendered":"<p>Le multitalent pour le nettoyage des contours d&rsquo;oreille\/\/BTE et le s\u00e9chage des aides auditives. M\u00eame contenu que le kit de nettoyage, mais avec en plus des capsules d\u00e9shydratantes (avec indicateur de couleur) et un gobelet de s\u00e9chage pour un s\u00e9chage fiable des aides auditives pendant la nuit.<\/p>\n<p>Contenu :<br \/>\n8 comprim\u00e9s de nettoyage eC5.3<br \/>\n1 gobelet de nettoyage eC5.11 avec tamis<br \/>\n4 capsules d\u00e9shydratantes eD2.3<br \/>\n1 gobelet de s\u00e9chage eD2.11<br \/>\n1 poire soufflante eT2.3<\/p>\n","protected":false},"excerpt":{"rendered":"<p>Le multitalent pour le nettoyage des contours d&rsquo;oreille\/\/BTE et le s\u00e9chage des aides auditives. M\u00eame contenu que le kit de nettoyage, mais avec en plus des capsules d\u00e9shydratantes (avec indicateur de couleur) et un gobelet de s\u00e9chage pour un s\u00e9chage fiable des aides auditives pendant la nuit. Contenu : 8 comprim\u00e9s de nettoyage eC5.3 1 [&hellip;]<\/p>\n","protected":false},"featured_media":7304,"template":"","meta":[],"product_brand":[],"product_cat":[491],"product_tag":[],"class_list":{"0":"post-10066","1":"product","2":"type-product","3":"status-publish","4":"has-post-thumbnail","6":"product_cat-nettoyage-et-entretien","7":"tm-no-options","9":"first","10":"instock","11":"taxable","12":"shipping-taxable","13":"product-type-simple"},"_links":{"self":[{"href":"https:\/\/www.ocshop.ch\/fr\/wp-json\/wp\/v2\/product\/10066","targetHints":{"allow":["GET"]}}],"collection":[{"href":"https:\/\/www.ocshop.ch\/fr\/wp-json\/wp\/v2\/product"}],"about":[{"href":"https:\/\/www.ocshop.ch\/fr\/wp-json\/wp\/v2\/types\/product"}],"wp:featuredmedia":[{"embeddable":true,"href":"https:\/\/www.ocshop.ch\/fr\/wp-json\/wp\/v2\/media\/7304"}],"wp:attachment":[{"href":"https:\/\/www.ocshop.ch\/fr\/wp-json\/wp\/v2\/media?parent=10066"}],"wp:term":[{"taxonomy":"product_brand","embeddable":true,"href":"https:\/\/www.ocshop.ch\/fr\/wp-json\/wp\/v2\/product_brand?post=10066"},{"taxonomy":"product_cat","embeddable":true,"href":"https:\/\/www.ocshop.ch\/fr\/wp-json\/wp\/v2\/product_cat?post=10066"},{"taxonomy":"product_tag","embeddable":true,"href":"https:\/\/www.ocshop.ch\/fr\/wp-json\/wp\/v2\/product_tag?post=10066"}],"curies":[{"name":"wp","href":"https:\/\/api.w.org\/{rel}","templated":true}]}}