{"id":10065,"date":"2011-03-17T11:09:58","date_gmt":"2011-03-17T09:09:58","guid":{"rendered":"https:\/\/shoptest.ocshop.ch\/produkt\/trousse-de-voyage-noire-avec-logo-cedis-vide\/"},"modified":"2011-03-17T11:09:58","modified_gmt":"2011-03-17T09:09:58","slug":"trousse-de-voyage-noire-avec-logo-cedis-vide","status":"publish","type":"product","link":"https:\/\/www.ocshop.ch\/fr\/produkt\/trousse-de-voyage-noire-avec-logo-cedis-vide\/","title":{"rendered":"Trousse de voyage, noire avec logo cedis (vide)"},"content":{"rendered":"<p>Trousse pratique avec logo cedis, fabriqu\u00e9e en mat\u00e9riel robuste de haute qualit\u00e9, avec fermeture \u00e9clair et compartiments pratiques pour le rangement de produits d&rsquo;hygi\u00e8ne. M\u00eame en voyage, la trousse robuste est un compagnon pratique. Nous vous proposons la confection de produits de votre choix \u00e0 partir de 100 pi\u00e8ces command\u00e9es.<\/p>\n","protected":false},"excerpt":{"rendered":"<p>Trousse pratique avec logo cedis, fabriqu\u00e9e en mat\u00e9riel robuste de haute qualit\u00e9, avec fermeture \u00e9clair et compartiments pratiques pour le rangement de produits d&rsquo;hygi\u00e8ne. M\u00eame en voyage, la trousse robuste est un compagnon pratique. Nous vous proposons la confection de produits de votre choix \u00e0 partir de 100 pi\u00e8ces command\u00e9es.<\/p>\n","protected":false},"featured_media":7316,"template":"","meta":[],"product_brand":[],"product_cat":[491],"product_tag":[],"class_list":{"0":"post-10065","1":"product","2":"type-product","3":"status-publish","4":"has-post-thumbnail","6":"product_cat-nettoyage-et-entretien","7":"tm-no-options","9":"first","10":"instock","11":"taxable","12":"shipping-taxable","13":"product-type-simple"},"_links":{"self":[{"href":"https:\/\/www.ocshop.ch\/fr\/wp-json\/wp\/v2\/product\/10065","targetHints":{"allow":["GET"]}}],"collection":[{"href":"https:\/\/www.ocshop.ch\/fr\/wp-json\/wp\/v2\/product"}],"about":[{"href":"https:\/\/www.ocshop.ch\/fr\/wp-json\/wp\/v2\/types\/product"}],"wp:featuredmedia":[{"embeddable":true,"href":"https:\/\/www.ocshop.ch\/fr\/wp-json\/wp\/v2\/media\/7316"}],"wp:attachment":[{"href":"https:\/\/www.ocshop.ch\/fr\/wp-json\/wp\/v2\/media?parent=10065"}],"wp:term":[{"taxonomy":"product_brand","embeddable":true,"href":"https:\/\/www.ocshop.ch\/fr\/wp-json\/wp\/v2\/product_brand?post=10065"},{"taxonomy":"product_cat","embeddable":true,"href":"https:\/\/www.ocshop.ch\/fr\/wp-json\/wp\/v2\/product_cat?post=10065"},{"taxonomy":"product_tag","embeddable":true,"href":"https:\/\/www.ocshop.ch\/fr\/wp-json\/wp\/v2\/product_tag?post=10065"}],"curies":[{"name":"wp","href":"https:\/\/api.w.org\/{rel}","templated":true}]}}