{"id":10064,"date":"2011-03-17T11:09:58","date_gmt":"2011-03-17T09:09:58","guid":{"rendered":"https:\/\/shoptest.ocshop.ch\/produkt\/cedis-kit-eset11-de-nettoyage-et-sechage-pour-des-tubes-fins-et-des-systemes-auditifs-ouverts\/"},"modified":"2011-03-17T11:09:58","modified_gmt":"2011-03-17T09:09:58","slug":"cedis-kit-eset11-de-nettoyage-et-sechage-pour-des-tubes-fins-et-des-systemes-auditifs-ouverts","status":"publish","type":"product","link":"https:\/\/www.ocshop.ch\/fr\/produkt\/cedis-kit-eset11-de-nettoyage-et-sechage-pour-des-tubes-fins-et-des-systemes-auditifs-ouverts\/","title":{"rendered":"cedis kit eSET11 de nettoyage et s\u00e9chage pour des tubes fins et des syst\u00e8mes auditifs ouverts"},"content":{"rendered":"<p>Les appareillages ouverts demandent des produits de nettoyage et s\u00e9chage sp\u00e9ciaux. Cedis offre \u00e9galement la solution optimale :<\/p>\n<p>Le kit d\u2019entretien complet dans sa trousse transparente pour le nettoyage et le s\u00e9chage des appareillages ouverts. Appropri\u00e9 pour tous les types courants des tubes fins.<br \/>\nAvec les fils d&rsquo;hygi\u00e8ne le tube fin est s\u00e9ch\u00e9 efficacement. Comme pr\u00e9traitement les comprim\u00e9s efferverscents de nettoyage garantissent un nettoyage optimal. Le kit est compl\u00e9t\u00e9 par des capsules d\u00e9shydratantes (avec indicateur de couleur) et un gobelet de s\u00e9chage pour le s\u00e9chage des syst\u00e8mes auditifs.<\/p>\n<p>Contenu :<br \/>\n8 comprim\u00e9s de nettoyage eC5.3<br \/>\n1 gobelet eC5.11 avec tamis<br \/>\n10 fils de nettoyage eT3.5 pour tubes avec \u00d8 &lt;= 0,9 mm<br \/>\n4 capsules d\u00e9shydratantes eD2.3<br \/>\n1 gobelet de s\u00e9chage eD2.11<\/p>\n","protected":false},"excerpt":{"rendered":"<p>Les appareillages ouverts demandent des produits de nettoyage et s\u00e9chage sp\u00e9ciaux. Cedis offre \u00e9galement la solution optimale : Le kit d\u2019entretien complet dans sa trousse transparente pour le nettoyage et le s\u00e9chage des appareillages ouverts. Appropri\u00e9 pour tous les types courants des tubes fins. Avec les fils d&rsquo;hygi\u00e8ne le tube fin est s\u00e9ch\u00e9 efficacement. Comme [&hellip;]<\/p>\n","protected":false},"featured_media":7320,"template":"","meta":[],"product_brand":[],"product_cat":[491],"product_tag":[],"class_list":{"0":"post-10064","1":"product","2":"type-product","3":"status-publish","4":"has-post-thumbnail","6":"product_cat-nettoyage-et-entretien","7":"tm-no-options","9":"first","10":"instock","11":"taxable","12":"shipping-taxable","13":"product-type-simple"},"_links":{"self":[{"href":"https:\/\/www.ocshop.ch\/fr\/wp-json\/wp\/v2\/product\/10064","targetHints":{"allow":["GET"]}}],"collection":[{"href":"https:\/\/www.ocshop.ch\/fr\/wp-json\/wp\/v2\/product"}],"about":[{"href":"https:\/\/www.ocshop.ch\/fr\/wp-json\/wp\/v2\/types\/product"}],"wp:featuredmedia":[{"embeddable":true,"href":"https:\/\/www.ocshop.ch\/fr\/wp-json\/wp\/v2\/media\/7320"}],"wp:attachment":[{"href":"https:\/\/www.ocshop.ch\/fr\/wp-json\/wp\/v2\/media?parent=10064"}],"wp:term":[{"taxonomy":"product_brand","embeddable":true,"href":"https:\/\/www.ocshop.ch\/fr\/wp-json\/wp\/v2\/product_brand?post=10064"},{"taxonomy":"product_cat","embeddable":true,"href":"https:\/\/www.ocshop.ch\/fr\/wp-json\/wp\/v2\/product_cat?post=10064"},{"taxonomy":"product_tag","embeddable":true,"href":"https:\/\/www.ocshop.ch\/fr\/wp-json\/wp\/v2\/product_tag?post=10064"}],"curies":[{"name":"wp","href":"https:\/\/api.w.org\/{rel}","templated":true}]}}