{"id":10063,"date":"2011-03-17T11:10:04","date_gmt":"2011-03-17T09:10:04","guid":{"rendered":"https:\/\/shoptest.ocshop.ch\/produkt\/cedis-gel-esc2-3-presentoir-avec-30-tubes\/"},"modified":"2024-09-05T08:12:59","modified_gmt":"2024-09-05T06:12:59","slug":"cedis-gel-esc2-3-presentoir-avec-30-tubes","status":"publish","type":"product","link":"https:\/\/www.ocshop.ch\/fr\/produkt\/cedis-gel-esc2-3-presentoir-avec-30-tubes\/","title":{"rendered":"Cedis Gel eSC2.3"},"content":{"rendered":"<div class=\"variant-description\">Gel de soin de la peau avec un effet de bien-\u00eatre !<br \/>\nLe gel avec la substance active de la plante Aloe Vera pr\u00e9vient les irritations, est absorb\u00e9 par la peau et facilite la mise en place de l&#8217;embout.<br \/>\nA utiliser avant et apr\u00e8s le port de l&rsquo;appareil auditif pour maintenir le confort de port.  <\/div>\n","protected":false},"excerpt":{"rendered":"<p>Gel de soin de la peau avec un effet de bien-\u00eatre ! Le gel avec la substance active de la plante Aloe Vera pr\u00e9vient les irritations, est absorb\u00e9 par la peau et facilite la mise en place de l&#8217;embout. A utiliser avant et apr\u00e8s le port de l&rsquo;appareil auditif pour maintenir le confort de port.<\/p>\n","protected":false},"featured_media":7325,"template":"","meta":[],"product_brand":[],"product_cat":[491],"product_tag":[],"class_list":{"0":"post-10063","1":"product","2":"type-product","3":"status-publish","4":"has-post-thumbnail","6":"product_cat-nettoyage-et-entretien","7":"pa_einheit-1-tube-fr","8":"pa_einheit-30-tubes","9":"tm-no-options","11":"first","12":"instock","13":"taxable","14":"shipping-taxable","15":"product-type-variable"},"_links":{"self":[{"href":"https:\/\/www.ocshop.ch\/fr\/wp-json\/wp\/v2\/product\/10063","targetHints":{"allow":["GET"]}}],"collection":[{"href":"https:\/\/www.ocshop.ch\/fr\/wp-json\/wp\/v2\/product"}],"about":[{"href":"https:\/\/www.ocshop.ch\/fr\/wp-json\/wp\/v2\/types\/product"}],"wp:featuredmedia":[{"embeddable":true,"href":"https:\/\/www.ocshop.ch\/fr\/wp-json\/wp\/v2\/media\/7325"}],"wp:attachment":[{"href":"https:\/\/www.ocshop.ch\/fr\/wp-json\/wp\/v2\/media?parent=10063"}],"wp:term":[{"taxonomy":"product_brand","embeddable":true,"href":"https:\/\/www.ocshop.ch\/fr\/wp-json\/wp\/v2\/product_brand?post=10063"},{"taxonomy":"product_cat","embeddable":true,"href":"https:\/\/www.ocshop.ch\/fr\/wp-json\/wp\/v2\/product_cat?post=10063"},{"taxonomy":"product_tag","embeddable":true,"href":"https:\/\/www.ocshop.ch\/fr\/wp-json\/wp\/v2\/product_tag?post=10063"}],"curies":[{"name":"wp","href":"https:\/\/api.w.org\/{rel}","templated":true}]}}