{"id":10060,"date":"2011-03-17T11:10:16","date_gmt":"2011-03-17T09:10:16","guid":{"rendered":"https:\/\/shoptest.ocshop.ch\/produkt\/cedis-capsules-deshydratantes-ed2-3\/"},"modified":"2011-03-17T11:10:16","modified_gmt":"2011-03-17T09:10:16","slug":"cedis-capsules-deshydratantes-ed2-3","status":"publish","type":"product","link":"https:\/\/www.ocshop.ch\/fr\/produkt\/cedis-capsules-deshydratantes-ed2-3\/","title":{"rendered":"cedis Capsules d\u00e9shydratantes eD2.3"},"content":{"rendered":"<p>Les capsules d\u00e9shydratantes (avec indicateur de couleur) pour le s\u00e9chage profond des syst\u00e8mes auditifs pendant la nuit.<\/p>\n<p>Contenu :<br \/>\n4 capsules d\u00e9shydratantes eD2.3<\/p>\n","protected":false},"excerpt":{"rendered":"<p>Les capsules d\u00e9shydratantes (avec indicateur de couleur) pour le s\u00e9chage profond des syst\u00e8mes auditifs pendant la nuit. Contenu : 4 capsules d\u00e9shydratantes eD2.3<\/p>\n","protected":false},"featured_media":7337,"template":"","meta":[],"product_brand":[],"product_cat":[491],"product_tag":[],"class_list":{"0":"post-10060","1":"product","2":"type-product","3":"status-publish","4":"has-post-thumbnail","6":"product_cat-nettoyage-et-entretien","7":"tm-no-options","9":"first","10":"instock","11":"taxable","12":"shipping-taxable","13":"product-type-simple"},"_links":{"self":[{"href":"https:\/\/www.ocshop.ch\/fr\/wp-json\/wp\/v2\/product\/10060","targetHints":{"allow":["GET"]}}],"collection":[{"href":"https:\/\/www.ocshop.ch\/fr\/wp-json\/wp\/v2\/product"}],"about":[{"href":"https:\/\/www.ocshop.ch\/fr\/wp-json\/wp\/v2\/types\/product"}],"wp:featuredmedia":[{"embeddable":true,"href":"https:\/\/www.ocshop.ch\/fr\/wp-json\/wp\/v2\/media\/7337"}],"wp:attachment":[{"href":"https:\/\/www.ocshop.ch\/fr\/wp-json\/wp\/v2\/media?parent=10060"}],"wp:term":[{"taxonomy":"product_brand","embeddable":true,"href":"https:\/\/www.ocshop.ch\/fr\/wp-json\/wp\/v2\/product_brand?post=10060"},{"taxonomy":"product_cat","embeddable":true,"href":"https:\/\/www.ocshop.ch\/fr\/wp-json\/wp\/v2\/product_cat?post=10060"},{"taxonomy":"product_tag","embeddable":true,"href":"https:\/\/www.ocshop.ch\/fr\/wp-json\/wp\/v2\/product_tag?post=10060"}],"curies":[{"name":"wp","href":"https:\/\/api.w.org\/{rel}","templated":true}]}}