{"id":10059,"date":"2011-03-17T11:10:16","date_gmt":"2011-03-17T09:10:16","guid":{"rendered":"https:\/\/shoptest.ocshop.ch\/produkt\/cedis-ventbrush-et3-9-oe-50-mm-vert\/"},"modified":"2011-03-17T11:10:16","modified_gmt":"2011-03-17T09:10:16","slug":"cedis-ventbrush-et3-9-oe-50-mm-vert","status":"publish","type":"product","link":"https:\/\/www.ocshop.ch\/fr\/produkt\/cedis-ventbrush-et3-9-oe-50-mm-vert\/","title":{"rendered":"Cedis VentBrush eT3.9, \u00d8 5,0 mm, vert"},"content":{"rendered":"<div class=\"variant-description\">Brosses sp\u00e9ciales pour le nettoyage des tubes acoustiques et des \u00e9vents. Disponibles en 2 diff\u00e9rents diam\u00e8tres.<\/div>\n<div><\/div>\n<div class=\"variant-name\">cedis VentBrush eT3.9, 5,0 mm (contenu : 10 pi\u00e8ces)<\/div>\n<div class=\"product-specs-box\">\n<div class=\"specification-wrapper\"><span class=\"specification-name\">Diam\u00e8tre :\u00a0<\/span><span class=\"specification-value\">5,0 mm<\/span><\/div>\n<\/div>\n","protected":false},"excerpt":{"rendered":"<p>Brosses sp\u00e9ciales pour le nettoyage des tubes acoustiques et des \u00e9vents. Disponibles en 2 diff\u00e9rents diam\u00e8tres. cedis VentBrush eT3.9, 5,0 mm (contenu : 10 pi\u00e8ces) Diam\u00e8tre :\u00a05,0 mm<\/p>\n","protected":false},"featured_media":7341,"template":"","meta":[],"product_brand":[],"product_cat":[491],"product_tag":[],"class_list":{"0":"post-10059","1":"product","2":"type-product","3":"status-publish","4":"has-post-thumbnail","6":"product_cat-nettoyage-et-entretien","7":"tm-no-options","9":"first","10":"instock","11":"taxable","12":"shipping-taxable","13":"product-type-simple"},"_links":{"self":[{"href":"https:\/\/www.ocshop.ch\/fr\/wp-json\/wp\/v2\/product\/10059","targetHints":{"allow":["GET"]}}],"collection":[{"href":"https:\/\/www.ocshop.ch\/fr\/wp-json\/wp\/v2\/product"}],"about":[{"href":"https:\/\/www.ocshop.ch\/fr\/wp-json\/wp\/v2\/types\/product"}],"wp:featuredmedia":[{"embeddable":true,"href":"https:\/\/www.ocshop.ch\/fr\/wp-json\/wp\/v2\/media\/7341"}],"wp:attachment":[{"href":"https:\/\/www.ocshop.ch\/fr\/wp-json\/wp\/v2\/media?parent=10059"}],"wp:term":[{"taxonomy":"product_brand","embeddable":true,"href":"https:\/\/www.ocshop.ch\/fr\/wp-json\/wp\/v2\/product_brand?post=10059"},{"taxonomy":"product_cat","embeddable":true,"href":"https:\/\/www.ocshop.ch\/fr\/wp-json\/wp\/v2\/product_cat?post=10059"},{"taxonomy":"product_tag","embeddable":true,"href":"https:\/\/www.ocshop.ch\/fr\/wp-json\/wp\/v2\/product_tag?post=10059"}],"curies":[{"name":"wp","href":"https:\/\/api.w.org\/{rel}","templated":true}]}}