{"id":10058,"date":"2011-03-17T11:10:17","date_gmt":"2011-03-17T09:10:17","guid":{"rendered":"https:\/\/shoptest.ocshop.ch\/produkt\/cedis-ventbrush-et3-9-oe-25-mm-bleu\/"},"modified":"2011-03-17T11:10:17","modified_gmt":"2011-03-17T09:10:17","slug":"cedis-ventbrush-et3-9-oe-25-mm-bleu","status":"publish","type":"product","link":"https:\/\/www.ocshop.ch\/fr\/produkt\/cedis-ventbrush-et3-9-oe-25-mm-bleu\/","title":{"rendered":"Cedis VentBrush eT3.9, \u00d8 2,5 mm, bleu"},"content":{"rendered":"<div class=\"variant-description\">Brosses sp\u00e9ciales pour le nettoyage des tubes acoustiques et des \u00e9vents. Disponibles en 2 diam\u00e8tres.<\/div>\n<div class=\"variant-name\">cedis VentBrush eT3.9, (contenu : 10 pi\u00e8ces)<\/div>\n<div class=\"product-specs-box\">\n<div class=\"specification-wrapper\"><span class=\"specification-name\">Diam\u00e8tre :\u00a0<\/span><span class=\"specification-value\">2,5 mm<\/span><\/div>\n<\/div>\n","protected":false},"excerpt":{"rendered":"<p>Brosses sp\u00e9ciales pour le nettoyage des tubes acoustiques et des \u00e9vents. Disponibles en 2 diam\u00e8tres. cedis VentBrush eT3.9, (contenu : 10 pi\u00e8ces) Diam\u00e8tre :\u00a02,5 mm<\/p>\n","protected":false},"featured_media":7341,"template":"","meta":[],"product_brand":[],"product_cat":[491],"product_tag":[],"class_list":{"0":"post-10058","1":"product","2":"type-product","3":"status-publish","4":"has-post-thumbnail","6":"product_cat-nettoyage-et-entretien","7":"tm-no-options","9":"first","10":"instock","11":"taxable","12":"shipping-taxable","13":"product-type-simple"},"_links":{"self":[{"href":"https:\/\/www.ocshop.ch\/fr\/wp-json\/wp\/v2\/product\/10058","targetHints":{"allow":["GET"]}}],"collection":[{"href":"https:\/\/www.ocshop.ch\/fr\/wp-json\/wp\/v2\/product"}],"about":[{"href":"https:\/\/www.ocshop.ch\/fr\/wp-json\/wp\/v2\/types\/product"}],"wp:featuredmedia":[{"embeddable":true,"href":"https:\/\/www.ocshop.ch\/fr\/wp-json\/wp\/v2\/media\/7341"}],"wp:attachment":[{"href":"https:\/\/www.ocshop.ch\/fr\/wp-json\/wp\/v2\/media?parent=10058"}],"wp:term":[{"taxonomy":"product_brand","embeddable":true,"href":"https:\/\/www.ocshop.ch\/fr\/wp-json\/wp\/v2\/product_brand?post=10058"},{"taxonomy":"product_cat","embeddable":true,"href":"https:\/\/www.ocshop.ch\/fr\/wp-json\/wp\/v2\/product_cat?post=10058"},{"taxonomy":"product_tag","embeddable":true,"href":"https:\/\/www.ocshop.ch\/fr\/wp-json\/wp\/v2\/product_tag?post=10058"}],"curies":[{"name":"wp","href":"https:\/\/api.w.org\/{rel}","templated":true}]}}