{"id":10057,"date":"2011-03-17T11:10:19","date_gmt":"2011-03-17T09:10:19","guid":{"rendered":"https:\/\/shoptest.ocshop.ch\/produkt\/cedis-poire-soufflante-bleue-avec-pointe-metallique-chromee-et2-3\/"},"modified":"2011-03-17T11:10:19","modified_gmt":"2011-03-17T09:10:19","slug":"cedis-poire-soufflante-bleue-avec-pointe-metallique-chromee-et2-3","status":"publish","type":"product","link":"https:\/\/www.ocshop.ch\/fr\/produkt\/cedis-poire-soufflante-bleue-avec-pointe-metallique-chromee-et2-3\/","title":{"rendered":"cedis Poire soufflante, bleue avec pointe m\u00e9tallique chrom\u00e9e eT2.3"},"content":{"rendered":"<div class=\"overview\">\n<div class=\"overview-inner\">\n<div class=\"short-description\">Poire soufflante ergonomique avec une pointe m\u00e9tallique chrom\u00e9e tr\u00e8s fine pour souffler et s\u00e9cher les tubes acoustiques et les \u00e9vents.<\/div>\n<\/div>\n<\/div>\n","protected":false},"excerpt":{"rendered":"<p>Poire soufflante ergonomique avec une pointe m\u00e9tallique chrom\u00e9e tr\u00e8s fine pour souffler et s\u00e9cher les tubes acoustiques et les \u00e9vents.<\/p>\n","protected":false},"featured_media":7346,"template":"","meta":[],"product_brand":[],"product_cat":[491],"product_tag":[],"class_list":{"0":"post-10057","1":"product","2":"type-product","3":"status-publish","4":"has-post-thumbnail","6":"product_cat-nettoyage-et-entretien","7":"tm-no-options","9":"first","10":"instock","11":"taxable","12":"shipping-taxable","13":"product-type-simple"},"_links":{"self":[{"href":"https:\/\/www.ocshop.ch\/fr\/wp-json\/wp\/v2\/product\/10057","targetHints":{"allow":["GET"]}}],"collection":[{"href":"https:\/\/www.ocshop.ch\/fr\/wp-json\/wp\/v2\/product"}],"about":[{"href":"https:\/\/www.ocshop.ch\/fr\/wp-json\/wp\/v2\/types\/product"}],"wp:featuredmedia":[{"embeddable":true,"href":"https:\/\/www.ocshop.ch\/fr\/wp-json\/wp\/v2\/media\/7346"}],"wp:attachment":[{"href":"https:\/\/www.ocshop.ch\/fr\/wp-json\/wp\/v2\/media?parent=10057"}],"wp:term":[{"taxonomy":"product_brand","embeddable":true,"href":"https:\/\/www.ocshop.ch\/fr\/wp-json\/wp\/v2\/product_brand?post=10057"},{"taxonomy":"product_cat","embeddable":true,"href":"https:\/\/www.ocshop.ch\/fr\/wp-json\/wp\/v2\/product_cat?post=10057"},{"taxonomy":"product_tag","embeddable":true,"href":"https:\/\/www.ocshop.ch\/fr\/wp-json\/wp\/v2\/product_tag?post=10057"}],"curies":[{"name":"wp","href":"https:\/\/api.w.org\/{rel}","templated":true}]}}