{"id":10056,"date":"2011-03-17T11:10:20","date_gmt":"2011-03-17T09:10:20","guid":{"rendered":"https:\/\/shoptest.ocshop.ch\/produkt\/cedis-outil-mutlifonctions-et4-3-5-pieces\/"},"modified":"2011-03-17T11:10:20","modified_gmt":"2011-03-17T09:10:20","slug":"cedis-outil-mutlifonctions-et4-3-5-pieces","status":"publish","type":"product","link":"https:\/\/www.ocshop.ch\/fr\/produkt\/cedis-outil-mutlifonctions-et4-3-5-pieces\/","title":{"rendered":"cedis outil mutlifonctions eT4.3, 5 pi\u00e8ces"},"content":{"rendered":"<p>Outil sp\u00e9cial avec aimant pour faciliter le retrait de la pile. La brosse int\u00e9gr\u00e9e et le fil en plastique conviennent parfaitement pour \u00e9liminer les salissures tenaces des tubes fins.<\/p>\n","protected":false},"excerpt":{"rendered":"<p>Outil sp\u00e9cial avec aimant pour faciliter le retrait de la pile. La brosse int\u00e9gr\u00e9e et le fil en plastique conviennent parfaitement pour \u00e9liminer les salissures tenaces des tubes fins.<\/p>\n","protected":false},"featured_media":7281,"template":"","meta":[],"product_brand":[],"product_cat":[491],"product_tag":[],"class_list":{"0":"post-10056","1":"product","2":"type-product","3":"status-publish","4":"has-post-thumbnail","6":"product_cat-nettoyage-et-entretien","7":"tm-no-options","9":"first","10":"instock","11":"taxable","12":"shipping-taxable","13":"product-type-simple"},"_links":{"self":[{"href":"https:\/\/www.ocshop.ch\/fr\/wp-json\/wp\/v2\/product\/10056","targetHints":{"allow":["GET"]}}],"collection":[{"href":"https:\/\/www.ocshop.ch\/fr\/wp-json\/wp\/v2\/product"}],"about":[{"href":"https:\/\/www.ocshop.ch\/fr\/wp-json\/wp\/v2\/types\/product"}],"wp:featuredmedia":[{"embeddable":true,"href":"https:\/\/www.ocshop.ch\/fr\/wp-json\/wp\/v2\/media\/7281"}],"wp:attachment":[{"href":"https:\/\/www.ocshop.ch\/fr\/wp-json\/wp\/v2\/media?parent=10056"}],"wp:term":[{"taxonomy":"product_brand","embeddable":true,"href":"https:\/\/www.ocshop.ch\/fr\/wp-json\/wp\/v2\/product_brand?post=10056"},{"taxonomy":"product_cat","embeddable":true,"href":"https:\/\/www.ocshop.ch\/fr\/wp-json\/wp\/v2\/product_cat?post=10056"},{"taxonomy":"product_tag","embeddable":true,"href":"https:\/\/www.ocshop.ch\/fr\/wp-json\/wp\/v2\/product_tag?post=10056"}],"curies":[{"name":"wp","href":"https:\/\/api.w.org\/{rel}","templated":true}]}}