{"id":10055,"date":"2011-03-17T11:11:20","date_gmt":"2011-03-17T09:11:20","guid":{"rendered":"https:\/\/shoptest.ocshop.ch\/produkt\/ecrin-de-presentation-mini-avec-un-insert-de-12-compartiments-noir-gris\/"},"modified":"2011-03-17T11:11:20","modified_gmt":"2011-03-17T09:11:20","slug":"ecrin-de-presentation-mini-avec-un-insert-de-12-compartiments-noir-gris","status":"publish","type":"product","link":"https:\/\/www.ocshop.ch\/fr\/produkt\/ecrin-de-presentation-mini-avec-un-insert-de-12-compartiments-noir-gris\/","title":{"rendered":"\u00c9crin de pr\u00e9sentation \u00ab\u00a0Mini\u00a0\u00bb avec un insert de 12 compartiments, noir\/gris"},"content":{"rendered":"<div class=\"short-description\">\u00c9crin de pr\u00e9sentation, pratique et maniable avec son insert de 12 compartiments pour une pr\u00e9sentation ordonn\u00e9e des embouts et des aides auditives. Il est id\u00e9al pour les entretiens en magasins sp\u00e9cialis\u00e9s, pour les d\u00e9placements ou les salons. \u00c9crin livr\u00e9 vide.<\/div>\n<div class=\"additional-details\"><\/div>\n<div class=\"product-collateral\">\n<div class=\"product-specs-box\">\n<div class=\"specification-wrapper\"><span class=\"specification-name\">Dimensions (approx.) :\u00a0<\/span><span class=\"specification-value\">21 x 15 x 2 cm<\/span><\/div>\n<div class=\"specification-wrapper\"><span class=\"specification-name\">Dimensions de superficie :\u00a0<\/span><span class=\"specification-value\">4 x 3,5 x 18 cm<\/span><\/div>\n<\/div>\n<\/div>\n","protected":false},"excerpt":{"rendered":"<p>\u00c9crin de pr\u00e9sentation, pratique et maniable avec son insert de 12 compartiments pour une pr\u00e9sentation ordonn\u00e9e des embouts et des aides auditives. Il est id\u00e9al pour les entretiens en magasins sp\u00e9cialis\u00e9s, pour les d\u00e9placements ou les salons. \u00c9crin livr\u00e9 vide. Dimensions (approx.) :\u00a021 x 15 x 2 cm Dimensions de superficie :\u00a04 x 3,5 x [&hellip;]<\/p>\n","protected":false},"featured_media":7277,"template":"","meta":[],"product_brand":[],"product_cat":[498],"product_tag":[],"class_list":{"0":"post-10055","1":"product","2":"type-product","3":"status-publish","4":"has-post-thumbnail","6":"product_cat-aides-a-la-vente","7":"tm-no-options","9":"first","10":"instock","11":"taxable","12":"shipping-taxable","13":"product-type-simple"},"_links":{"self":[{"href":"https:\/\/www.ocshop.ch\/fr\/wp-json\/wp\/v2\/product\/10055","targetHints":{"allow":["GET"]}}],"collection":[{"href":"https:\/\/www.ocshop.ch\/fr\/wp-json\/wp\/v2\/product"}],"about":[{"href":"https:\/\/www.ocshop.ch\/fr\/wp-json\/wp\/v2\/types\/product"}],"wp:featuredmedia":[{"embeddable":true,"href":"https:\/\/www.ocshop.ch\/fr\/wp-json\/wp\/v2\/media\/7277"}],"wp:attachment":[{"href":"https:\/\/www.ocshop.ch\/fr\/wp-json\/wp\/v2\/media?parent=10055"}],"wp:term":[{"taxonomy":"product_brand","embeddable":true,"href":"https:\/\/www.ocshop.ch\/fr\/wp-json\/wp\/v2\/product_brand?post=10055"},{"taxonomy":"product_cat","embeddable":true,"href":"https:\/\/www.ocshop.ch\/fr\/wp-json\/wp\/v2\/product_cat?post=10055"},{"taxonomy":"product_tag","embeddable":true,"href":"https:\/\/www.ocshop.ch\/fr\/wp-json\/wp\/v2\/product_tag?post=10055"}],"curies":[{"name":"wp","href":"https:\/\/api.w.org\/{rel}","templated":true}]}}