{"id":10054,"date":"2011-03-17T11:11:21","date_gmt":"2011-03-17T09:11:21","guid":{"rendered":"https:\/\/shoptest.ocshop.ch\/produkt\/plateau-de-presentation-noir\/"},"modified":"2011-03-17T11:11:21","modified_gmt":"2011-03-17T09:11:21","slug":"plateau-de-presentation-noir","status":"publish","type":"product","link":"https:\/\/www.ocshop.ch\/fr\/produkt\/plateau-de-presentation-noir\/","title":{"rendered":"Plateau de pr\u00e9sentation, noir"},"content":{"rendered":"<p>Les aides auditives de haute qualit\u00e9 m\u00e9ritent une pr\u00e9sentation professionnelle lors de la consultation avec le patient. La surface est en similicuir et permet un nettoyage facile. Le plateau de pr\u00e9sentation mesure 27 x 17 cm.<br \/>\nPlateau livr\u00e9 vide.<\/p>\n","protected":false},"excerpt":{"rendered":"<p>Les aides auditives de haute qualit\u00e9 m\u00e9ritent une pr\u00e9sentation professionnelle lors de la consultation avec le patient. La surface est en similicuir et permet un nettoyage facile. Le plateau de pr\u00e9sentation mesure 27 x 17 cm. Plateau livr\u00e9 vide.<\/p>\n","protected":false},"featured_media":7273,"template":"","meta":[],"product_brand":[],"product_cat":[498],"product_tag":[],"class_list":{"0":"post-10054","1":"product","2":"type-product","3":"status-publish","4":"has-post-thumbnail","6":"product_cat-aides-a-la-vente","7":"tm-no-options","9":"first","10":"instock","11":"taxable","12":"shipping-taxable","13":"product-type-simple"},"_links":{"self":[{"href":"https:\/\/www.ocshop.ch\/fr\/wp-json\/wp\/v2\/product\/10054","targetHints":{"allow":["GET"]}}],"collection":[{"href":"https:\/\/www.ocshop.ch\/fr\/wp-json\/wp\/v2\/product"}],"about":[{"href":"https:\/\/www.ocshop.ch\/fr\/wp-json\/wp\/v2\/types\/product"}],"wp:featuredmedia":[{"embeddable":true,"href":"https:\/\/www.ocshop.ch\/fr\/wp-json\/wp\/v2\/media\/7273"}],"wp:attachment":[{"href":"https:\/\/www.ocshop.ch\/fr\/wp-json\/wp\/v2\/media?parent=10054"}],"wp:term":[{"taxonomy":"product_brand","embeddable":true,"href":"https:\/\/www.ocshop.ch\/fr\/wp-json\/wp\/v2\/product_brand?post=10054"},{"taxonomy":"product_cat","embeddable":true,"href":"https:\/\/www.ocshop.ch\/fr\/wp-json\/wp\/v2\/product_cat?post=10054"},{"taxonomy":"product_tag","embeddable":true,"href":"https:\/\/www.ocshop.ch\/fr\/wp-json\/wp\/v2\/product_tag?post=10054"}],"curies":[{"name":"wp","href":"https:\/\/api.w.org\/{rel}","templated":true}]}}