{"id":10052,"date":"2011-03-17T11:11:27","date_gmt":"2011-03-17T09:11:27","guid":{"rendered":"https:\/\/shoptest.ocshop.ch\/produkt\/cedis-profi-care-bouteille-de-500-ml-avec-bouchon-doseur\/"},"modified":"2011-03-17T11:11:27","modified_gmt":"2011-03-17T09:11:27","slug":"cedis-profi-care-bouteille-de-500-ml-avec-bouchon-doseur","status":"publish","type":"product","link":"https:\/\/www.ocshop.ch\/fr\/produkt\/cedis-profi-care-bouteille-de-500-ml-avec-bouchon-doseur\/","title":{"rendered":"cedis Profi CARE, bouteille de 500 ml avec bouchon doseur"},"content":{"rendered":"<p>Lotion pour le soin des mains et de la peau.<\/p>\n<p>Lotion pour peaux sensibles, applicable en tant que lotion pour le corps. P\u00e9n\u00e8tre rapidement et ne graisse pas. Parfum agr\u00e9able.<\/p>\n","protected":false},"excerpt":{"rendered":"<p>Lotion pour le soin des mains et de la peau. Lotion pour peaux sensibles, applicable en tant que lotion pour le corps. P\u00e9n\u00e8tre rapidement et ne graisse pas. Parfum agr\u00e9able.<\/p>\n","protected":false},"featured_media":7265,"template":"","meta":[],"product_brand":[],"product_cat":[491],"product_tag":[],"class_list":{"0":"post-10052","1":"product","2":"type-product","3":"status-publish","4":"has-post-thumbnail","6":"product_cat-nettoyage-et-entretien","7":"tm-no-options","9":"first","10":"instock","11":"taxable","12":"shipping-taxable","13":"product-type-simple"},"_links":{"self":[{"href":"https:\/\/www.ocshop.ch\/fr\/wp-json\/wp\/v2\/product\/10052","targetHints":{"allow":["GET"]}}],"collection":[{"href":"https:\/\/www.ocshop.ch\/fr\/wp-json\/wp\/v2\/product"}],"about":[{"href":"https:\/\/www.ocshop.ch\/fr\/wp-json\/wp\/v2\/types\/product"}],"wp:featuredmedia":[{"embeddable":true,"href":"https:\/\/www.ocshop.ch\/fr\/wp-json\/wp\/v2\/media\/7265"}],"wp:attachment":[{"href":"https:\/\/www.ocshop.ch\/fr\/wp-json\/wp\/v2\/media?parent=10052"}],"wp:term":[{"taxonomy":"product_brand","embeddable":true,"href":"https:\/\/www.ocshop.ch\/fr\/wp-json\/wp\/v2\/product_brand?post=10052"},{"taxonomy":"product_cat","embeddable":true,"href":"https:\/\/www.ocshop.ch\/fr\/wp-json\/wp\/v2\/product_cat?post=10052"},{"taxonomy":"product_tag","embeddable":true,"href":"https:\/\/www.ocshop.ch\/fr\/wp-json\/wp\/v2\/product_tag?post=10052"}],"curies":[{"name":"wp","href":"https:\/\/api.w.org\/{rel}","templated":true}]}}