{"id":10051,"date":"2011-03-17T11:05:16","date_gmt":"2011-03-17T09:05:16","guid":{"rendered":"https:\/\/shoptest.ocshop.ch\/produkt\/egger-el-2-230-v\/"},"modified":"2011-03-17T11:05:16","modified_gmt":"2011-03-17T09:05:16","slug":"egger-el-2-230-v","status":"publish","type":"product","link":"https:\/\/www.ocshop.ch\/fr\/produkt\/egger-el-2-230-v\/","title":{"rendered":"egger EL 2, 230 V"},"content":{"rendered":"<div class=\"short-description\">L&rsquo;entr\u00e9e id\u00e9ale pour une production ind\u00e9pendante ! Appareil de photopolym\u00e9risation pour la production des embouts contours d&rsquo;oreilles, protecteurs anti-bruits et embouts intra-auriculaires ainsi que les travaux de laquage. L&rsquo;int\u00e9rieur est dimensionn\u00e9 pour une quantit\u00e9 jusqu&rsquo;\u00e0 6 embouts. Muni avec minuterie pr\u00e9cise \u00e0 la seconde et avec tubes, qui sont connectable individuellement sur deux niveaux diff\u00e9rents. Ainsi vous pouvez adapter les temps de polym\u00e9risation conform\u00e9ment \u00e0 chaque pas de la production. L&rsquo;appareil est muni de 2 tubes \u00e0 rayons UV et 2 tubes de lumi\u00e8re bleue et d&rsquo;un bo\u00eetier m\u00e9tallique de qualit\u00e9 sup\u00e9rieure.<\/div>\n<div class=\"additional-details\"><\/div>\n<div class=\"product-collateral\">\n<div class=\"product-specs-box\">\n<div class=\"specification-wrapper\"><span class=\"specification-name\">Puissance :\u00a0<\/span><span class=\"specification-value\">80 W<\/span><\/div>\n<div class=\"specification-wrapper\"><span class=\"specification-name\">Dimensions :\u00a0<\/span><span class=\"specification-value\">280 x 240 x 120 mm<\/span><\/div>\n<div class=\"specification-wrapper\"><span class=\"specification-name\">Poids :\u00a0<\/span><span class=\"specification-value\">5,4 kg<\/span><\/div>\n<div class=\"specification-wrapper\"><span class=\"specification-name\">Surface de travail :\u00a0<\/span><span class=\"specification-value\">160 x 110 mm<\/span><\/div>\n<\/div>\n<\/div>\n","protected":false},"excerpt":{"rendered":"<p>L&rsquo;entr\u00e9e id\u00e9ale pour une production ind\u00e9pendante ! Appareil de photopolym\u00e9risation pour la production des embouts contours d&rsquo;oreilles, protecteurs anti-bruits et embouts intra-auriculaires ainsi que les travaux de laquage. L&rsquo;int\u00e9rieur est dimensionn\u00e9 pour une quantit\u00e9 jusqu&rsquo;\u00e0 6 embouts. Muni avec minuterie pr\u00e9cise \u00e0 la seconde et avec tubes, qui sont connectable individuellement sur deux niveaux diff\u00e9rents. [&hellip;]<\/p>\n","protected":false},"featured_media":6779,"template":"","meta":[],"product_brand":[],"product_cat":[467],"product_tag":[],"class_list":{"0":"post-10051","1":"product","2":"type-product","3":"status-publish","4":"has-post-thumbnail","6":"product_cat-atelier-empreintes","7":"tm-no-options","9":"first","10":"instock","11":"taxable","12":"shipping-taxable","13":"product-type-simple"},"_links":{"self":[{"href":"https:\/\/www.ocshop.ch\/fr\/wp-json\/wp\/v2\/product\/10051","targetHints":{"allow":["GET"]}}],"collection":[{"href":"https:\/\/www.ocshop.ch\/fr\/wp-json\/wp\/v2\/product"}],"about":[{"href":"https:\/\/www.ocshop.ch\/fr\/wp-json\/wp\/v2\/types\/product"}],"wp:featuredmedia":[{"embeddable":true,"href":"https:\/\/www.ocshop.ch\/fr\/wp-json\/wp\/v2\/media\/6779"}],"wp:attachment":[{"href":"https:\/\/www.ocshop.ch\/fr\/wp-json\/wp\/v2\/media?parent=10051"}],"wp:term":[{"taxonomy":"product_brand","embeddable":true,"href":"https:\/\/www.ocshop.ch\/fr\/wp-json\/wp\/v2\/product_brand?post=10051"},{"taxonomy":"product_cat","embeddable":true,"href":"https:\/\/www.ocshop.ch\/fr\/wp-json\/wp\/v2\/product_cat?post=10051"},{"taxonomy":"product_tag","embeddable":true,"href":"https:\/\/www.ocshop.ch\/fr\/wp-json\/wp\/v2\/product_tag?post=10051"}],"curies":[{"name":"wp","href":"https:\/\/api.w.org\/{rel}","templated":true}]}}