{"id":10048,"date":"2011-03-17T11:05:34","date_gmt":"2011-03-17T09:05:34","guid":{"rendered":"https:\/\/shoptest.ocshop.ch\/produkt\/recipient-a-immersion-60-ml\/"},"modified":"2011-03-17T11:05:34","modified_gmt":"2011-03-17T09:05:34","slug":"recipient-a-immersion-60-ml","status":"publish","type":"product","link":"https:\/\/www.ocshop.ch\/fr\/produkt\/recipient-a-immersion-60-ml\/","title":{"rendered":"R\u00e9cipient \u00e0 immersion, 60 ml"},"content":{"rendered":"<div class=\"variant-description\">R\u00e9cipient imperm\u00e9able \u00e0 la lumi\u00e8re. Servant \u00e0 recueillir des vernis de photopolym\u00e9risation r\u00e9utilisables ainsi que pour le traitement et le stockage de petites quantit\u00e9s de vernis.<\/div>\n<div class=\"variant-name\">R\u00e9cipient \u00e0 immersion, 60 ml, en verre opaque et avec couvercle noir<\/div>\n<div class=\"product-specs-box\">\n<div class=\"specification-wrapper\"><span class=\"specification-name\">Contenu :\u00a0<\/span><span class=\"specification-value\">60 ml<\/span><\/div>\n<\/div>\n","protected":false},"excerpt":{"rendered":"<p>R\u00e9cipient imperm\u00e9able \u00e0 la lumi\u00e8re. Servant \u00e0 recueillir des vernis de photopolym\u00e9risation r\u00e9utilisables ainsi que pour le traitement et le stockage de petites quantit\u00e9s de vernis. R\u00e9cipient \u00e0 immersion, 60 ml, en verre opaque et avec couvercle noir Contenu :\u00a060 ml<\/p>\n","protected":false},"featured_media":6793,"template":"","meta":[],"product_brand":[],"product_cat":[467],"product_tag":[],"class_list":{"0":"post-10048","1":"product","2":"type-product","3":"status-publish","4":"has-post-thumbnail","6":"product_cat-atelier-empreintes","7":"tm-no-options","9":"first","10":"instock","11":"taxable","12":"shipping-taxable","13":"product-type-simple"},"_links":{"self":[{"href":"https:\/\/www.ocshop.ch\/fr\/wp-json\/wp\/v2\/product\/10048","targetHints":{"allow":["GET"]}}],"collection":[{"href":"https:\/\/www.ocshop.ch\/fr\/wp-json\/wp\/v2\/product"}],"about":[{"href":"https:\/\/www.ocshop.ch\/fr\/wp-json\/wp\/v2\/types\/product"}],"wp:featuredmedia":[{"embeddable":true,"href":"https:\/\/www.ocshop.ch\/fr\/wp-json\/wp\/v2\/media\/6793"}],"wp:attachment":[{"href":"https:\/\/www.ocshop.ch\/fr\/wp-json\/wp\/v2\/media?parent=10048"}],"wp:term":[{"taxonomy":"product_brand","embeddable":true,"href":"https:\/\/www.ocshop.ch\/fr\/wp-json\/wp\/v2\/product_brand?post=10048"},{"taxonomy":"product_cat","embeddable":true,"href":"https:\/\/www.ocshop.ch\/fr\/wp-json\/wp\/v2\/product_cat?post=10048"},{"taxonomy":"product_tag","embeddable":true,"href":"https:\/\/www.ocshop.ch\/fr\/wp-json\/wp\/v2\/product_tag?post=10048"}],"curies":[{"name":"wp","href":"https:\/\/api.w.org\/{rel}","templated":true}]}}