{"id":10046,"date":"2011-03-17T11:05:56","date_gmt":"2011-03-17T09:05:56","guid":{"rendered":"https:\/\/shoptest.ocshop.ch\/produkt\/ecran-de-rechange-pour-visiere-de-protection\/"},"modified":"2011-03-17T11:05:56","modified_gmt":"2011-03-17T09:05:56","slug":"ecran-de-rechange-pour-visiere-de-protection","status":"publish","type":"product","link":"https:\/\/www.ocshop.ch\/fr\/produkt\/ecran-de-rechange-pour-visiere-de-protection\/","title":{"rendered":"\u00c9cran de rechange pour visi\u00e8re de protection"},"content":{"rendered":"<div class=\"overview\">\n<div class=\"overview-inner\">\n<div class=\"short-description\">\u00c9cran de rechange pour visi\u00e8re de protection, \u00e9paisseur 0,8 mm<\/div>\n<\/div>\n<\/div>\n","protected":false},"excerpt":{"rendered":"<p>\u00c9cran de rechange pour visi\u00e8re de protection, \u00e9paisseur 0,8 mm<\/p>\n","protected":false},"featured_media":6814,"template":"","meta":[],"product_brand":[],"product_cat":[467],"product_tag":[],"class_list":{"0":"post-10046","1":"product","2":"type-product","3":"status-publish","4":"has-post-thumbnail","6":"product_cat-atelier-empreintes","7":"tm-no-options","9":"first","10":"instock","11":"taxable","12":"shipping-taxable","13":"product-type-simple"},"_links":{"self":[{"href":"https:\/\/www.ocshop.ch\/fr\/wp-json\/wp\/v2\/product\/10046","targetHints":{"allow":["GET"]}}],"collection":[{"href":"https:\/\/www.ocshop.ch\/fr\/wp-json\/wp\/v2\/product"}],"about":[{"href":"https:\/\/www.ocshop.ch\/fr\/wp-json\/wp\/v2\/types\/product"}],"wp:featuredmedia":[{"embeddable":true,"href":"https:\/\/www.ocshop.ch\/fr\/wp-json\/wp\/v2\/media\/6814"}],"wp:attachment":[{"href":"https:\/\/www.ocshop.ch\/fr\/wp-json\/wp\/v2\/media?parent=10046"}],"wp:term":[{"taxonomy":"product_brand","embeddable":true,"href":"https:\/\/www.ocshop.ch\/fr\/wp-json\/wp\/v2\/product_brand?post=10046"},{"taxonomy":"product_cat","embeddable":true,"href":"https:\/\/www.ocshop.ch\/fr\/wp-json\/wp\/v2\/product_cat?post=10046"},{"taxonomy":"product_tag","embeddable":true,"href":"https:\/\/www.ocshop.ch\/fr\/wp-json\/wp\/v2\/product_tag?post=10046"}],"curies":[{"name":"wp","href":"https:\/\/api.w.org\/{rel}","templated":true}]}}