{"id":10045,"date":"2011-03-17T11:06:04","date_gmt":"2011-03-17T09:06:04","guid":{"rendered":"https:\/\/shoptest.ocshop.ch\/produkt\/protege-tympan-slim-de-matiere-plastique-alveolaire-avec-fil-de-securite-petit-vert\/"},"modified":"2011-03-17T11:06:04","modified_gmt":"2011-03-17T09:06:04","slug":"protege-tympan-slim-de-matiere-plastique-alveolaire-avec-fil-de-securite-petit-vert","status":"publish","type":"product","link":"https:\/\/www.ocshop.ch\/fr\/produkt\/protege-tympan-slim-de-matiere-plastique-alveolaire-avec-fil-de-securite-petit-vert\/","title":{"rendered":"Prot\u00e8ge-tympan \u00ab\u00a0Slim\u00a0\u00bb de mati\u00e8re plastique alv\u00e9olaire avec fil de s\u00e9curit\u00e9, petit, vert"},"content":{"rendered":"<div class=\"variant-description\">Sp\u00e9cialement appropri\u00e9s pour la prise d&#8217;empreintes intra-auriculaires\/CIC.<\/div>\n<div class=\"variant-name\">Prot\u00e8ge-tympan \u00ab\u00a0Slim\u00a0\u00bb de mati\u00e8re plastique alv\u00e9olaire avec fil de s\u00e9curit\u00e9, petit, vert (50 pi\u00e8ces)<\/div>\n<div class=\"product-specs-box\">\n<div class=\"specification-wrapper\"><span class=\"specification-name\">Dimensions :\u00a0<\/span><span class=\"specification-value\">petit<\/span><\/div>\n<\/div>\n","protected":false},"excerpt":{"rendered":"<p>Sp\u00e9cialement appropri\u00e9s pour la prise d&#8217;empreintes intra-auriculaires\/CIC. Prot\u00e8ge-tympan \u00ab\u00a0Slim\u00a0\u00bb de mati\u00e8re plastique alv\u00e9olaire avec fil de s\u00e9curit\u00e9, petit, vert (50 pi\u00e8ces) Dimensions :\u00a0petit<\/p>\n","protected":false},"featured_media":6818,"template":"","meta":[],"product_brand":[],"product_cat":[467],"product_tag":[],"class_list":{"0":"post-10045","1":"product","2":"type-product","3":"status-publish","4":"has-post-thumbnail","6":"product_cat-atelier-empreintes","7":"tm-no-options","9":"first","10":"instock","11":"taxable","12":"shipping-taxable","13":"product-type-simple"},"_links":{"self":[{"href":"https:\/\/www.ocshop.ch\/fr\/wp-json\/wp\/v2\/product\/10045","targetHints":{"allow":["GET"]}}],"collection":[{"href":"https:\/\/www.ocshop.ch\/fr\/wp-json\/wp\/v2\/product"}],"about":[{"href":"https:\/\/www.ocshop.ch\/fr\/wp-json\/wp\/v2\/types\/product"}],"wp:featuredmedia":[{"embeddable":true,"href":"https:\/\/www.ocshop.ch\/fr\/wp-json\/wp\/v2\/media\/6818"}],"wp:attachment":[{"href":"https:\/\/www.ocshop.ch\/fr\/wp-json\/wp\/v2\/media?parent=10045"}],"wp:term":[{"taxonomy":"product_brand","embeddable":true,"href":"https:\/\/www.ocshop.ch\/fr\/wp-json\/wp\/v2\/product_brand?post=10045"},{"taxonomy":"product_cat","embeddable":true,"href":"https:\/\/www.ocshop.ch\/fr\/wp-json\/wp\/v2\/product_cat?post=10045"},{"taxonomy":"product_tag","embeddable":true,"href":"https:\/\/www.ocshop.ch\/fr\/wp-json\/wp\/v2\/product_tag?post=10045"}],"curies":[{"name":"wp","href":"https:\/\/api.w.org\/{rel}","templated":true}]}}