{"id":10044,"date":"2011-03-17T11:06:04","date_gmt":"2011-03-17T09:06:04","guid":{"rendered":"https:\/\/shoptest.ocshop.ch\/produkt\/protege-tympans-slim-en-matiere-plastique-alveolaire-avec-fil-de-securite-moyen-blanc\/"},"modified":"2025-01-07T16:00:46","modified_gmt":"2025-01-07T14:00:46","slug":"protege-tympans-slim-en-matiere-plastique-alveolaire-avec-fil-de-securite-moyen-blanc","status":"publish","type":"product","link":"https:\/\/www.ocshop.ch\/fr\/produkt\/protege-tympans-slim-en-matiere-plastique-alveolaire-avec-fil-de-securite-moyen-blanc\/","title":{"rendered":"Tampons \u00e0 empreintes Slim en mousse \u00e9lastique, moyen CIC"},"content":{"rendered":"<div class=\"variant-description\">Sp\u00e9cialement con\u00e7u pour les empreintes CIC.<\/div>\n<div class=\"variant-name\">Tampons \u00e0 empreintes Slim en mousse \u00e9lastique avec fil de s\u00e9curit\u00e9, moyen, blanc (50 pi\u00e8ces)<\/div>\n<div class=\"product-specs-box\">\n<div class=\"specification-wrapper\"><span class=\"specification-name\">taille : <\/span><span class=\"specification-value\">moyen<\/span><\/div>\n<\/p><\/div>\n","protected":false},"excerpt":{"rendered":"<p>Sp\u00e9cialement con\u00e7u pour les empreintes CIC. Tampons \u00e0 empreintes Slim en mousse \u00e9lastique avec fil de s\u00e9curit\u00e9, moyen, blanc (50 pi\u00e8ces) taille : moyen<\/p>\n","protected":false},"featured_media":11657,"template":"","meta":[],"product_brand":[],"product_cat":[467],"product_tag":[],"class_list":{"0":"post-10044","1":"product","2":"type-product","3":"status-publish","4":"has-post-thumbnail","6":"product_cat-atelier-empreintes","7":"tm-no-options","9":"first","10":"instock","11":"taxable","12":"shipping-taxable","13":"product-type-simple"},"_links":{"self":[{"href":"https:\/\/www.ocshop.ch\/fr\/wp-json\/wp\/v2\/product\/10044","targetHints":{"allow":["GET"]}}],"collection":[{"href":"https:\/\/www.ocshop.ch\/fr\/wp-json\/wp\/v2\/product"}],"about":[{"href":"https:\/\/www.ocshop.ch\/fr\/wp-json\/wp\/v2\/types\/product"}],"wp:featuredmedia":[{"embeddable":true,"href":"https:\/\/www.ocshop.ch\/fr\/wp-json\/wp\/v2\/media\/11657"}],"wp:attachment":[{"href":"https:\/\/www.ocshop.ch\/fr\/wp-json\/wp\/v2\/media?parent=10044"}],"wp:term":[{"taxonomy":"product_brand","embeddable":true,"href":"https:\/\/www.ocshop.ch\/fr\/wp-json\/wp\/v2\/product_brand?post=10044"},{"taxonomy":"product_cat","embeddable":true,"href":"https:\/\/www.ocshop.ch\/fr\/wp-json\/wp\/v2\/product_cat?post=10044"},{"taxonomy":"product_tag","embeddable":true,"href":"https:\/\/www.ocshop.ch\/fr\/wp-json\/wp\/v2\/product_tag?post=10044"}],"curies":[{"name":"wp","href":"https:\/\/api.w.org\/{rel}","templated":true}]}}