{"id":10041,"date":"2011-03-17T11:06:10","date_gmt":"2011-03-17T09:06:10","guid":{"rendered":"https:\/\/shoptest.ocshop.ch\/produkt\/clear-former-film-a-empreinte-2-x-100-pieces\/"},"modified":"2011-03-17T11:06:10","modified_gmt":"2011-03-17T09:06:10","slug":"clear-former-film-a-empreinte-2-x-100-pieces","status":"publish","type":"product","link":"https:\/\/www.ocshop.ch\/fr\/produkt\/clear-former-film-a-empreinte-2-x-100-pieces\/","title":{"rendered":"Clear Former &#8211; film \u00e0 empreinte (2 x 100 pi\u00e8ces)"},"content":{"rendered":"<div class=\"variant-description\">Film emp\u00eachant le mat\u00e9riau \u00e0 empreinte de couler apr\u00e8s l&rsquo;injection dans l&rsquo;oreille. Convient parfaitement aux mat\u00e9riaux \u00e0 empreinte \u00e0 faible viscosit\u00e9. Pour une prise d&#8217;empreinte professionnelle et propre. Avec un design d&rsquo;oreille, 100 pi\u00e8ces gauche (bleu) et 100 pi\u00e8ces droite (rouge).<\/div>\n<div class=\"variant-name\"><\/div>\n<div class=\"product-specs-box\">\n<div class=\"specification-wrapper\"><span class=\"specification-name\">Quantit\u00e9 :\u00a0<\/span><span class=\"specification-value\">2 x 100 pi\u00e8ces<\/span><\/div>\n<\/div>\n","protected":false},"excerpt":{"rendered":"<p>Film emp\u00eachant le mat\u00e9riau \u00e0 empreinte de couler apr\u00e8s l&rsquo;injection dans l&rsquo;oreille. Convient parfaitement aux mat\u00e9riaux \u00e0 empreinte \u00e0 faible viscosit\u00e9. Pour une prise d&#8217;empreinte professionnelle et propre. Avec un design d&rsquo;oreille, 100 pi\u00e8ces gauche (bleu) et 100 pi\u00e8ces droite (rouge). Quantit\u00e9 :\u00a02 x 100 pi\u00e8ces<\/p>\n","protected":false},"featured_media":6876,"template":"","meta":[],"product_brand":[],"product_cat":[467],"product_tag":[],"class_list":{"0":"post-10041","1":"product","2":"type-product","3":"status-publish","4":"has-post-thumbnail","6":"product_cat-atelier-empreintes","7":"tm-no-options","9":"first","10":"instock","11":"taxable","12":"shipping-taxable","13":"product-type-simple"},"_links":{"self":[{"href":"https:\/\/www.ocshop.ch\/fr\/wp-json\/wp\/v2\/product\/10041","targetHints":{"allow":["GET"]}}],"collection":[{"href":"https:\/\/www.ocshop.ch\/fr\/wp-json\/wp\/v2\/product"}],"about":[{"href":"https:\/\/www.ocshop.ch\/fr\/wp-json\/wp\/v2\/types\/product"}],"wp:featuredmedia":[{"embeddable":true,"href":"https:\/\/www.ocshop.ch\/fr\/wp-json\/wp\/v2\/media\/6876"}],"wp:attachment":[{"href":"https:\/\/www.ocshop.ch\/fr\/wp-json\/wp\/v2\/media?parent=10041"}],"wp:term":[{"taxonomy":"product_brand","embeddable":true,"href":"https:\/\/www.ocshop.ch\/fr\/wp-json\/wp\/v2\/product_brand?post=10041"},{"taxonomy":"product_cat","embeddable":true,"href":"https:\/\/www.ocshop.ch\/fr\/wp-json\/wp\/v2\/product_cat?post=10041"},{"taxonomy":"product_tag","embeddable":true,"href":"https:\/\/www.ocshop.ch\/fr\/wp-json\/wp\/v2\/product_tag?post=10041"}],"curies":[{"name":"wp","href":"https:\/\/api.w.org\/{rel}","templated":true}]}}