{"id":10040,"date":"2011-03-17T11:05:41","date_gmt":"2011-03-17T09:05:41","guid":{"rendered":"https:\/\/shoptest.ocshop.ch\/produkt\/boite-ronde-transparente-50-mm-sans-couvercle\/"},"modified":"2025-01-07T15:56:39","modified_gmt":"2025-01-07T13:56:39","slug":"boite-ronde-transparente-50-mm-sans-couvercle","status":"publish","type":"product","link":"https:\/\/www.ocshop.ch\/fr\/produkt\/boite-ronde-transparente-50-mm-sans-couvercle\/","title":{"rendered":"Bo\u00eete transparente, ronde, \u00f8 50 mm, sans couvercle"},"content":{"rendered":"<p>Pour la deuxi\u00e8me polym\u00e9risation apr\u00e8s le nettoyage avec le d\u00e9tersif LP-Cleaner.<\/p>\n","protected":false},"excerpt":{"rendered":"<p>Pour la deuxi\u00e8me polym\u00e9risation apr\u00e8s le nettoyage avec le d\u00e9tersif LP-Cleaner.<\/p>\n","protected":false},"featured_media":11651,"template":"","meta":[],"product_brand":[],"product_cat":[467],"product_tag":[],"class_list":{"0":"post-10040","1":"product","2":"type-product","3":"status-publish","4":"has-post-thumbnail","6":"product_cat-atelier-empreintes","7":"tm-no-options","9":"first","10":"instock","11":"taxable","12":"shipping-taxable","13":"product-type-simple"},"_links":{"self":[{"href":"https:\/\/www.ocshop.ch\/fr\/wp-json\/wp\/v2\/product\/10040","targetHints":{"allow":["GET"]}}],"collection":[{"href":"https:\/\/www.ocshop.ch\/fr\/wp-json\/wp\/v2\/product"}],"about":[{"href":"https:\/\/www.ocshop.ch\/fr\/wp-json\/wp\/v2\/types\/product"}],"wp:featuredmedia":[{"embeddable":true,"href":"https:\/\/www.ocshop.ch\/fr\/wp-json\/wp\/v2\/media\/11651"}],"wp:attachment":[{"href":"https:\/\/www.ocshop.ch\/fr\/wp-json\/wp\/v2\/media?parent=10040"}],"wp:term":[{"taxonomy":"product_brand","embeddable":true,"href":"https:\/\/www.ocshop.ch\/fr\/wp-json\/wp\/v2\/product_brand?post=10040"},{"taxonomy":"product_cat","embeddable":true,"href":"https:\/\/www.ocshop.ch\/fr\/wp-json\/wp\/v2\/product_cat?post=10040"},{"taxonomy":"product_tag","embeddable":true,"href":"https:\/\/www.ocshop.ch\/fr\/wp-json\/wp\/v2\/product_tag?post=10040"}],"curies":[{"name":"wp","href":"https:\/\/api.w.org\/{rel}","templated":true}]}}