{"id":10030,"date":"2011-03-17T11:06:21","date_gmt":"2011-03-17T09:06:21","guid":{"rendered":"https:\/\/shoptest.ocshop.ch\/produkt\/stethoclip-color-noir\/"},"modified":"2011-03-17T11:06:21","modified_gmt":"2011-03-17T09:06:21","slug":"stethoclip-color-noir","status":"publish","type":"product","link":"https:\/\/www.ocshop.ch\/fr\/produkt\/stethoclip-color-noir\/","title":{"rendered":"St\u00e9thoclip color, noir"},"content":{"rendered":"<div class=\"variant-description\">\u00c9quip\u00e9 de bouchons en plastique dur. Adaptateur et tube d&rsquo;\u00e9coute inclus.<\/div>\n","protected":false},"excerpt":{"rendered":"<p>\u00c9quip\u00e9 de bouchons en plastique dur. Adaptateur et tube d&rsquo;\u00e9coute inclus.<\/p>\n","protected":false},"featured_media":6834,"template":"","meta":[],"product_brand":[],"product_cat":[467],"product_tag":[],"class_list":{"0":"post-10030","1":"product","2":"type-product","3":"status-publish","4":"has-post-thumbnail","6":"product_cat-atelier-empreintes","7":"tm-no-options","9":"first","10":"instock","11":"taxable","12":"shipping-taxable","13":"product-type-simple"},"_links":{"self":[{"href":"https:\/\/www.ocshop.ch\/fr\/wp-json\/wp\/v2\/product\/10030","targetHints":{"allow":["GET"]}}],"collection":[{"href":"https:\/\/www.ocshop.ch\/fr\/wp-json\/wp\/v2\/product"}],"about":[{"href":"https:\/\/www.ocshop.ch\/fr\/wp-json\/wp\/v2\/types\/product"}],"wp:featuredmedia":[{"embeddable":true,"href":"https:\/\/www.ocshop.ch\/fr\/wp-json\/wp\/v2\/media\/6834"}],"wp:attachment":[{"href":"https:\/\/www.ocshop.ch\/fr\/wp-json\/wp\/v2\/media?parent=10030"}],"wp:term":[{"taxonomy":"product_brand","embeddable":true,"href":"https:\/\/www.ocshop.ch\/fr\/wp-json\/wp\/v2\/product_brand?post=10030"},{"taxonomy":"product_cat","embeddable":true,"href":"https:\/\/www.ocshop.ch\/fr\/wp-json\/wp\/v2\/product_cat?post=10030"},{"taxonomy":"product_tag","embeddable":true,"href":"https:\/\/www.ocshop.ch\/fr\/wp-json\/wp\/v2\/product_tag?post=10030"}],"curies":[{"name":"wp","href":"https:\/\/api.w.org\/{rel}","templated":true}]}}