{"id":10029,"date":"2011-03-17T11:06:22","date_gmt":"2011-03-17T09:06:22","guid":{"rendered":"https:\/\/shoptest.ocshop.ch\/produkt\/stethoclip-color-bleu-fonce\/"},"modified":"2011-03-17T11:06:22","modified_gmt":"2011-03-17T09:06:22","slug":"stethoclip-color-bleu-fonce","status":"publish","type":"product","link":"https:\/\/www.ocshop.ch\/fr\/produkt\/stethoclip-color-bleu-fonce\/","title":{"rendered":"St\u00e9thoclip color, bleu fonc\u00e9"},"content":{"rendered":"<div class=\"variant-description\">\u00c9quip\u00e9 de bouchons en plastique dur. Adaptateur et tube d&rsquo;\u00e9coute inclus.<\/div>\n","protected":false},"excerpt":{"rendered":"<p>\u00c9quip\u00e9 de bouchons en plastique dur. Adaptateur et tube d&rsquo;\u00e9coute inclus.<\/p>\n","protected":false},"featured_media":6842,"template":"","meta":[],"product_brand":[],"product_cat":[467],"product_tag":[],"class_list":{"0":"post-10029","1":"product","2":"type-product","3":"status-publish","4":"has-post-thumbnail","6":"product_cat-atelier-empreintes","7":"tm-no-options","9":"first","10":"instock","11":"taxable","12":"shipping-taxable","13":"product-type-simple"},"_links":{"self":[{"href":"https:\/\/www.ocshop.ch\/fr\/wp-json\/wp\/v2\/product\/10029","targetHints":{"allow":["GET"]}}],"collection":[{"href":"https:\/\/www.ocshop.ch\/fr\/wp-json\/wp\/v2\/product"}],"about":[{"href":"https:\/\/www.ocshop.ch\/fr\/wp-json\/wp\/v2\/types\/product"}],"wp:featuredmedia":[{"embeddable":true,"href":"https:\/\/www.ocshop.ch\/fr\/wp-json\/wp\/v2\/media\/6842"}],"wp:attachment":[{"href":"https:\/\/www.ocshop.ch\/fr\/wp-json\/wp\/v2\/media?parent=10029"}],"wp:term":[{"taxonomy":"product_brand","embeddable":true,"href":"https:\/\/www.ocshop.ch\/fr\/wp-json\/wp\/v2\/product_brand?post=10029"},{"taxonomy":"product_cat","embeddable":true,"href":"https:\/\/www.ocshop.ch\/fr\/wp-json\/wp\/v2\/product_cat?post=10029"},{"taxonomy":"product_tag","embeddable":true,"href":"https:\/\/www.ocshop.ch\/fr\/wp-json\/wp\/v2\/product_tag?post=10029"}],"curies":[{"name":"wp","href":"https:\/\/api.w.org\/{rel}","templated":true}]}}