{"id":10027,"date":"2011-03-17T11:06:23","date_gmt":"2011-03-17T09:06:23","guid":{"rendered":"https:\/\/shoptest.ocshop.ch\/produkt\/stethoclip-color-vert\/"},"modified":"2011-03-17T11:06:23","modified_gmt":"2011-03-17T09:06:23","slug":"stethoclip-color-vert","status":"publish","type":"product","link":"https:\/\/www.ocshop.ch\/fr\/produkt\/stethoclip-color-vert\/","title":{"rendered":"St\u00e9thoclip color, vert"},"content":{"rendered":"<div class=\"variant-description\">\u00c9quip\u00e9 de bouchons en plastique dur. Adaptateur et tube d&rsquo;\u00e9coute inclus.<\/div>\n","protected":false},"excerpt":{"rendered":"<p>\u00c9quip\u00e9 de bouchons en plastique dur. Adaptateur et tube d&rsquo;\u00e9coute inclus.<\/p>\n","protected":false},"featured_media":6891,"template":"","meta":[],"product_brand":[],"product_cat":[467],"product_tag":[],"class_list":{"0":"post-10027","1":"product","2":"type-product","3":"status-publish","4":"has-post-thumbnail","6":"product_cat-atelier-empreintes","7":"tm-no-options","9":"first","10":"instock","11":"taxable","12":"shipping-taxable","13":"product-type-simple"},"_links":{"self":[{"href":"https:\/\/www.ocshop.ch\/fr\/wp-json\/wp\/v2\/product\/10027","targetHints":{"allow":["GET"]}}],"collection":[{"href":"https:\/\/www.ocshop.ch\/fr\/wp-json\/wp\/v2\/product"}],"about":[{"href":"https:\/\/www.ocshop.ch\/fr\/wp-json\/wp\/v2\/types\/product"}],"wp:featuredmedia":[{"embeddable":true,"href":"https:\/\/www.ocshop.ch\/fr\/wp-json\/wp\/v2\/media\/6891"}],"wp:attachment":[{"href":"https:\/\/www.ocshop.ch\/fr\/wp-json\/wp\/v2\/media?parent=10027"}],"wp:term":[{"taxonomy":"product_brand","embeddable":true,"href":"https:\/\/www.ocshop.ch\/fr\/wp-json\/wp\/v2\/product_brand?post=10027"},{"taxonomy":"product_cat","embeddable":true,"href":"https:\/\/www.ocshop.ch\/fr\/wp-json\/wp\/v2\/product_cat?post=10027"},{"taxonomy":"product_tag","embeddable":true,"href":"https:\/\/www.ocshop.ch\/fr\/wp-json\/wp\/v2\/product_tag?post=10027"}],"curies":[{"name":"wp","href":"https:\/\/api.w.org\/{rel}","templated":true}]}}