{"id":10024,"date":"2011-03-17T11:06:30","date_gmt":"2011-03-17T09:06:30","guid":{"rendered":"https:\/\/shoptest.ocshop.ch\/produkt\/dry-tube-20-x-30-mm-transparent-vendu-au-metre\/"},"modified":"2011-03-17T11:06:30","modified_gmt":"2011-03-17T09:06:30","slug":"dry-tube-20-x-30-mm-transparent-vendu-au-metre","status":"publish","type":"product","link":"https:\/\/www.ocshop.ch\/fr\/produkt\/dry-tube-20-x-30-mm-transparent-vendu-au-metre\/","title":{"rendered":"Dry tube, 2,0 x 3,0 mm, transparent, vendu au m\u00e8tre"},"content":{"rendered":"<div class=\"short-description\">Ce tube sp\u00e9cial anti-humidit\u00e9, fabriqu\u00e9 en polyur\u00e9thane permet \u00e0 l&rsquo;humidit\u00e9 de se dissoudre et emp\u00eache ainsi la formation \u00e9ventuelle de condensation dans le tube acoustique.<\/div>\n<div class=\"additional-details\"><\/div>\n<div class=\"product-collateral\">\n<div class=\"product-specs-box\">\n<div class=\"specification-wrapper\"><span class=\"specification-name\">Degr\u00e9 de duret\u00e9 du mat\u00e9riau :\u00a0<\/span><span class=\"specification-value\">95 Shore<\/span><\/div>\n<\/div>\n<\/div>\n","protected":false},"excerpt":{"rendered":"<p>Ce tube sp\u00e9cial anti-humidit\u00e9, fabriqu\u00e9 en polyur\u00e9thane permet \u00e0 l&rsquo;humidit\u00e9 de se dissoudre et emp\u00eache ainsi la formation \u00e9ventuelle de condensation dans le tube acoustique. Degr\u00e9 de duret\u00e9 du mat\u00e9riau :\u00a095 Shore<\/p>\n","protected":false},"featured_media":6914,"template":"","meta":[],"product_brand":[],"product_cat":[467],"product_tag":[],"class_list":{"0":"post-10024","1":"product","2":"type-product","3":"status-publish","4":"has-post-thumbnail","6":"product_cat-atelier-empreintes","7":"tm-no-options","9":"first","10":"instock","11":"taxable","12":"shipping-taxable","13":"product-type-simple"},"_links":{"self":[{"href":"https:\/\/www.ocshop.ch\/fr\/wp-json\/wp\/v2\/product\/10024","targetHints":{"allow":["GET"]}}],"collection":[{"href":"https:\/\/www.ocshop.ch\/fr\/wp-json\/wp\/v2\/product"}],"about":[{"href":"https:\/\/www.ocshop.ch\/fr\/wp-json\/wp\/v2\/types\/product"}],"wp:featuredmedia":[{"embeddable":true,"href":"https:\/\/www.ocshop.ch\/fr\/wp-json\/wp\/v2\/media\/6914"}],"wp:attachment":[{"href":"https:\/\/www.ocshop.ch\/fr\/wp-json\/wp\/v2\/media?parent=10024"}],"wp:term":[{"taxonomy":"product_brand","embeddable":true,"href":"https:\/\/www.ocshop.ch\/fr\/wp-json\/wp\/v2\/product_brand?post=10024"},{"taxonomy":"product_cat","embeddable":true,"href":"https:\/\/www.ocshop.ch\/fr\/wp-json\/wp\/v2\/product_cat?post=10024"},{"taxonomy":"product_tag","embeddable":true,"href":"https:\/\/www.ocshop.ch\/fr\/wp-json\/wp\/v2\/product_tag?post=10024"}],"curies":[{"name":"wp","href":"https:\/\/api.w.org\/{rel}","templated":true}]}}